{"id":5206,"date":"2021-04-01T14:18:23","date_gmt":"2021-04-01T14:18:23","guid":{"rendered":"https:\/\/v2.cornulus.ch\/boutique\/paien-amphore\/"},"modified":"2025-12-15T16:50:11","modified_gmt":"2025-12-15T15:50:11","slug":"paien-yoncre","status":"publish","type":"product","link":"https:\/\/cornulus.ch\/de\/shop\/paien-yoncre\/","title":{"rendered":"Heidnisch \u2014 Heida Yoncre"},"content":{"rendered":"","protected":false},"excerpt":{"rendered":"<p>Am Ende der Eiszeit erei\u00adgnete sich in der Gegend von Sierre ein gewal\u00adti\u00adger Bergsturz. Nach dem R\u00fcckzug der Gletscher musste sich die Rh\u00f4ne ihren Weg durch Mergel und Kalkschiefer bah\u00adnen, um eine Landschaft mit Bergr\u00fccken und H\u00fcgeln zu schaf\u00adfen, zu denen auch die <strong>Cr\u00eate d\u2019Yoncre<\/strong> geh\u00f6rt.&nbsp;<\/p>\n<p>Der Pa\u00efen, der im Oberwallis Heida genannt wird, ist eine emble\u00adma\u00adtische Rebsorte der alpi\u00adnen Weinberge. Unser Pa\u00efen wird in Amphoren aus\u00adge\u00adbaut und ent\u00adwi\u00adckelt w\u00fcr\u00adzige und blu\u00admige Noten. Am Gaumen ist er getoas\u00adtet, mine\u00adra\u00adlisch, mit einem leicht tan\u00adnin\u00adhal\u00adti\u00adgen, dich\u00adten Abgang und einer kr\u00e4f\u00adti\u00adgen S\u00e4ure. Er kann jung getrun\u00adken wer\u00adden, wenn er frisch ist, oder nach eini\u00adgen Jahren im Keller, wenn er Aromen von Gelbwein ent\u00adwi\u00adckelt und sich als idea\u00adler Begleiter von Gefl\u00fcgel vom Bauernhof erweist.&nbsp;<\/p>\n<p>Heida AOC Valais<\/p>\n<p>Vol. 13.5 %.<\/p>\n<p>&nbsp;<\/p>\n","protected":false},"featured_media":12579,"template":"","meta":{"wp_typography_post_enhancements_disabled":false,"site-sidebar-layout":"default","site-content-layout":"default","ast-site-content-layout":"default","site-content-style":"default","site-sidebar-style":"default","ast-global-header-display":"","ast-banner-title-visibility":"","ast-main-header-display":"","ast-hfb-above-header-display":"","ast-hfb-below-header-display":"","ast-hfb-mobile-header-display":"","site-post-title":"","ast-breadcrumbs-content":"","ast-featured-img":"","footer-sml-layout":"","theme-transparent-header-meta":"default","adv-header-id-meta":"","stick-header-meta":"default","header-above-stick-meta":"","header-main-stick-meta":"","header-below-stick-meta":"","astra-migrate-meta-layouts":"set","ast-page-background-enabled":"default","ast-page-background-meta":{"desktop":{"background-color":"var(--ast-global-color-4)","background-image":"","background-repeat":"repeat","background-position":"center center","background-size":"auto","background-attachment":"scroll","background-type":"","background-media":"","overlay-type":"","overlay-color":"","overlay-opacity":"","overlay-gradient":""},"tablet":{"background-color":"","background-image":"","background-repeat":"repeat","background-position":"center center","background-size":"auto","background-attachment":"scroll","background-type":"","background-media":"","overlay-type":"","overlay-color":"","overlay-opacity":"","overlay-gradient":""},"mobile":{"background-color":"","background-image":"","background-repeat":"repeat","background-position":"center center","background-size":"auto","background-attachment":"scroll","background-type":"","background-media":"","overlay-type":"","overlay-color":"","overlay-opacity":"","overlay-gradient":""}},"ast-content-background-meta":{"desktop":{"background-color":"var(--ast-global-color-5)","background-image":"","background-repeat":"repeat","background-position":"center center","background-size":"auto","background-attachment":"scroll","background-type":"","background-media":"","overlay-type":"","overlay-color":"","overlay-opacity":"","overlay-gradient":""},"tablet":{"background-color":"var(--ast-global-color-5)","background-image":"","background-repeat":"repeat","background-position":"center center","background-size":"auto","background-attachment":"scroll","background-type":"","background-media":"","overlay-type":"","overlay-color":"","overlay-opacity":"","overlay-gradient":""},"mobile":{"background-color":"var(--ast-global-color-5)","background-image":"","background-repeat":"repeat","background-position":"center center","background-size":"auto","background-attachment":"scroll","background-type":"","background-media":"","overlay-type":"","overlay-color":"","overlay-opacity":"","overlay-gradient":""}}},"product_brand":[],"product_cat":[68],"product_tag":[],"class_list":{"0":"post-5206","1":"product","2":"type-product","3":"status-publish","4":"has-post-thumbnail","6":"product_cat-octoglaive-de","7":"desktop-align-left","8":"tablet-align-left","9":"mobile-align-left","11":"first","12":"instock","13":"shipping-taxable","14":"purchasable","15":"product-type-variable"},"yoast_head":"<!-- This site is optimized with the Yoast SEO plugin v27.3 - https:\/\/yoast.com\/product\/yoast-seo-wordpress\/ -->\n<title>Heidnisch - Heida Yoncre - Cornulus<\/title>\n<meta name=\"robots\" content=\"index, follow, max-snippet:-1, max-image-preview:large, max-video-preview:-1\" \/>\n<link rel=\"canonical\" href=\"https:\/\/cornulus.ch\/de\/shop\/paien-yoncre\/\" \/>\n<meta property=\"og:locale\" content=\"de_DE\" \/>\n<meta property=\"og:type\" content=\"article\" \/>\n<meta property=\"og:title\" content=\"Heidnisch - Heida Yoncre - Cornulus\" \/>\n<meta property=\"og:description\" content=\"Am Ende der Eiszeit ereignete sich in der Gegend von Sierre ein gewaltiger Bergsturz. Nach dem R\u00fcckzug der Gletscher musste sich die Rh\u00f4ne ihren Weg durch Mergel und Kalkschiefer bahnen, um eine Landschaft mit Bergr\u00fccken und H\u00fcgeln zu schaffen, zu denen auch die Cr\u00eate d&#039;Yoncre geh\u00f6rt.  Der Pa\u00efen, der im Oberwallis Heida genannt wird, ist eine emblematische Rebsorte der alpinen Weinberge. Unser Pa\u00efen wird in Amphoren ausgebaut und entwickelt w\u00fcrzige und blumige Noten. Am Gaumen ist er getoastet, mineralisch, mit einem leicht tanninhaltigen, dichten Abgang und einer kr\u00e4ftigen S\u00e4ure. Er kann jung getrunken werden, wenn er frisch ist, oder nach einigen Jahren im Keller, wenn er Aromen von Gelbwein entwickelt und sich als idealer Begleiter von Gefl\u00fcgel vom Bauernhof erweist.   Heida AOC Valais Vol. 13.5 %. &nbsp;\" \/>\n<meta property=\"og:url\" content=\"https:\/\/cornulus.ch\/de\/shop\/paien-yoncre\/\" \/>\n<meta property=\"og:site_name\" content=\"Cornulus\" \/>\n<meta property=\"article:publisher\" content=\"https:\/\/www.facebook.com\/domainecornulus\" \/>\n<meta property=\"article:modified_time\" content=\"2025-12-15T15:50:11+00:00\" \/>\n<meta property=\"og:image\" content=\"https:\/\/cornulus.ch\/wp-content\/uploads\/2021\/04\/Octoglaive_Yoncre-scaled.jpg\" \/>\n\t<meta property=\"og:image:width\" content=\"1393\" \/>\n\t<meta property=\"og:image:height\" content=\"2560\" \/>\n\t<meta property=\"og:image:type\" content=\"image\/jpeg\" \/>\n<meta name=\"twitter:card\" content=\"summary_large_image\" \/>\n<meta name=\"twitter:label1\" content=\"Gesch\u00e4tzte Lesezeit\" \/>\n\t<meta name=\"twitter:data1\" content=\"1\u00a0Minute\" \/>\n<script type=\"application\/ld+json\" class=\"yoast-schema-graph\">{\"@context\":\"https:\\\/\\\/schema.org\",\"@graph\":[{\"@type\":\"WebPage\",\"@id\":\"https:\\\/\\\/cornulus.ch\\\/de\\\/shop\\\/paien-yoncre\\\/\",\"url\":\"https:\\\/\\\/cornulus.ch\\\/de\\\/shop\\\/paien-yoncre\\\/\",\"name\":\"Heidnisch - Heida Yoncre - Cornulus\",\"isPartOf\":{\"@id\":\"https:\\\/\\\/cornulus.ch\\\/#website\"},\"primaryImageOfPage\":{\"@id\":\"https:\\\/\\\/cornulus.ch\\\/de\\\/shop\\\/paien-yoncre\\\/#primaryimage\"},\"image\":{\"@id\":\"https:\\\/\\\/cornulus.ch\\\/de\\\/shop\\\/paien-yoncre\\\/#primaryimage\"},\"thumbnailUrl\":\"https:\\\/\\\/cornulus.ch\\\/wp-content\\\/uploads\\\/2021\\\/04\\\/Octoglaive_Yoncre-scaled.jpg\",\"datePublished\":\"2021-04-01T14:18:23+00:00\",\"dateModified\":\"2025-12-15T15:50:11+00:00\",\"breadcrumb\":{\"@id\":\"https:\\\/\\\/cornulus.ch\\\/de\\\/shop\\\/paien-yoncre\\\/#breadcrumb\"},\"inLanguage\":\"de\",\"potentialAction\":[{\"@type\":\"ReadAction\",\"target\":[\"https:\\\/\\\/cornulus.ch\\\/de\\\/shop\\\/paien-yoncre\\\/\"]}]},{\"@type\":\"ImageObject\",\"inLanguage\":\"de\",\"@id\":\"https:\\\/\\\/cornulus.ch\\\/de\\\/shop\\\/paien-yoncre\\\/#primaryimage\",\"url\":\"https:\\\/\\\/cornulus.ch\\\/wp-content\\\/uploads\\\/2021\\\/04\\\/Octoglaive_Yoncre-scaled.jpg\",\"contentUrl\":\"https:\\\/\\\/cornulus.ch\\\/wp-content\\\/uploads\\\/2021\\\/04\\\/Octoglaive_Yoncre-scaled.jpg\",\"width\":1393,\"height\":2560,\"caption\":\"Stacked from 4 images. Method=B (R=8,S=4)\"},{\"@type\":\"BreadcrumbList\",\"@id\":\"https:\\\/\\\/cornulus.ch\\\/de\\\/shop\\\/paien-yoncre\\\/#breadcrumb\",\"itemListElement\":[{\"@type\":\"ListItem\",\"position\":1,\"name\":\"Accueil\",\"item\":\"https:\\\/\\\/cornulus.ch\\\/de\\\/startseite\\\/\"},{\"@type\":\"ListItem\",\"position\":2,\"name\":\"Shop\",\"item\":\"https:\\\/\\\/cornulus.ch\\\/de\\\/shop\\\/\"},{\"@type\":\"ListItem\",\"position\":3,\"name\":\"Heidnisch \u2014 Heida Yoncre\"}]},{\"@type\":\"WebSite\",\"@id\":\"https:\\\/\\\/cornulus.ch\\\/#website\",\"url\":\"https:\\\/\\\/cornulus.ch\\\/\",\"name\":\"Cornulus\",\"description\":\"Reynard & Varone, Savi\u00e8se\",\"publisher\":{\"@id\":\"https:\\\/\\\/cornulus.ch\\\/#organization\"},\"potentialAction\":[{\"@type\":\"SearchAction\",\"target\":{\"@type\":\"EntryPoint\",\"urlTemplate\":\"https:\\\/\\\/cornulus.ch\\\/?s={search_term_string}\"},\"query-input\":{\"@type\":\"PropertyValueSpecification\",\"valueRequired\":true,\"valueName\":\"search_term_string\"}}],\"inLanguage\":\"de\"},{\"@type\":\"Organization\",\"@id\":\"https:\\\/\\\/cornulus.ch\\\/#organization\",\"name\":\"Domaine Cornulus SA\",\"url\":\"https:\\\/\\\/cornulus.ch\\\/\",\"logo\":{\"@type\":\"ImageObject\",\"inLanguage\":\"de\",\"@id\":\"https:\\\/\\\/cornulus.ch\\\/#\\\/schema\\\/logo\\\/image\\\/\",\"url\":\"https:\\\/\\\/cornulus.ch\\\/wp-content\\\/uploads\\\/2021\\\/04\\\/logo_cornulus.png\",\"contentUrl\":\"https:\\\/\\\/cornulus.ch\\\/wp-content\\\/uploads\\\/2021\\\/04\\\/logo_cornulus.png\",\"width\":638,\"height\":135,\"caption\":\"Domaine Cornulus SA\"},\"image\":{\"@id\":\"https:\\\/\\\/cornulus.ch\\\/#\\\/schema\\\/logo\\\/image\\\/\"},\"sameAs\":[\"https:\\\/\\\/www.facebook.com\\\/domainecornulus\",\"https:\\\/\\\/www.instagram.com\\\/domainecornulus\\\/\",\"https:\\\/\\\/www.youtube.com\\\/channel\\\/UCOXcunJIpWxd5ZBHlMuaRXA\"]}]}<\/script>\n<!-- \/ Yoast SEO plugin. -->","yoast_head_json":{"title":"Heidnisch - Heida Yoncre - Cornulus","robots":{"index":"index","follow":"follow","max-snippet":"max-snippet:-1","max-image-preview":"max-image-preview:large","max-video-preview":"max-video-preview:-1"},"canonical":"https:\/\/cornulus.ch\/de\/shop\/paien-yoncre\/","og_locale":"de_DE","og_type":"article","og_title":"Heidnisch - Heida Yoncre - Cornulus","og_description":"Am Ende der Eiszeit ereignete sich in der Gegend von Sierre ein gewaltiger Bergsturz. Nach dem R\u00fcckzug der Gletscher musste sich die Rh\u00f4ne ihren Weg durch Mergel und Kalkschiefer bahnen, um eine Landschaft mit Bergr\u00fccken und H\u00fcgeln zu schaffen, zu denen auch die Cr\u00eate d'Yoncre geh\u00f6rt.  Der Pa\u00efen, der im Oberwallis Heida genannt wird, ist eine emblematische Rebsorte der alpinen Weinberge. Unser Pa\u00efen wird in Amphoren ausgebaut und entwickelt w\u00fcrzige und blumige Noten. Am Gaumen ist er getoastet, mineralisch, mit einem leicht tanninhaltigen, dichten Abgang und einer kr\u00e4ftigen S\u00e4ure. Er kann jung getrunken werden, wenn er frisch ist, oder nach einigen Jahren im Keller, wenn er Aromen von Gelbwein entwickelt und sich als idealer Begleiter von Gefl\u00fcgel vom Bauernhof erweist.   Heida AOC Valais Vol. 13.5 %. &nbsp;","og_url":"https:\/\/cornulus.ch\/de\/shop\/paien-yoncre\/","og_site_name":"Cornulus","article_publisher":"https:\/\/www.facebook.com\/domainecornulus","article_modified_time":"2025-12-15T15:50:11+00:00","og_image":[{"width":1393,"height":2560,"url":"https:\/\/cornulus.ch\/wp-content\/uploads\/2021\/04\/Octoglaive_Yoncre-scaled.jpg","type":"image\/jpeg"}],"twitter_card":"summary_large_image","twitter_misc":{"Gesch\u00e4tzte Lesezeit":"1\u00a0Minute"},"schema":{"@context":"https:\/\/schema.org","@graph":[{"@type":"WebPage","@id":"https:\/\/cornulus.ch\/de\/shop\/paien-yoncre\/","url":"https:\/\/cornulus.ch\/de\/shop\/paien-yoncre\/","name":"Heidnisch - Heida Yoncre - Cornulus","isPartOf":{"@id":"https:\/\/cornulus.ch\/#website"},"primaryImageOfPage":{"@id":"https:\/\/cornulus.ch\/de\/shop\/paien-yoncre\/#primaryimage"},"image":{"@id":"https:\/\/cornulus.ch\/de\/shop\/paien-yoncre\/#primaryimage"},"thumbnailUrl":"https:\/\/cornulus.ch\/wp-content\/uploads\/2021\/04\/Octoglaive_Yoncre-scaled.jpg","datePublished":"2021-04-01T14:18:23+00:00","dateModified":"2025-12-15T15:50:11+00:00","breadcrumb":{"@id":"https:\/\/cornulus.ch\/de\/shop\/paien-yoncre\/#breadcrumb"},"inLanguage":"de","potentialAction":[{"@type":"ReadAction","target":["https:\/\/cornulus.ch\/de\/shop\/paien-yoncre\/"]}]},{"@type":"ImageObject","inLanguage":"de","@id":"https:\/\/cornulus.ch\/de\/shop\/paien-yoncre\/#primaryimage","url":"https:\/\/cornulus.ch\/wp-content\/uploads\/2021\/04\/Octoglaive_Yoncre-scaled.jpg","contentUrl":"https:\/\/cornulus.ch\/wp-content\/uploads\/2021\/04\/Octoglaive_Yoncre-scaled.jpg","width":1393,"height":2560,"caption":"Stacked from 4 images. Method=B (R=8,S=4)"},{"@type":"BreadcrumbList","@id":"https:\/\/cornulus.ch\/de\/shop\/paien-yoncre\/#breadcrumb","itemListElement":[{"@type":"ListItem","position":1,"name":"Accueil","item":"https:\/\/cornulus.ch\/de\/startseite\/"},{"@type":"ListItem","position":2,"name":"Shop","item":"https:\/\/cornulus.ch\/de\/shop\/"},{"@type":"ListItem","position":3,"name":"Heidnisch \u2014 Heida Yoncre"}]},{"@type":"WebSite","@id":"https:\/\/cornulus.ch\/#website","url":"https:\/\/cornulus.ch\/","name":"Cornulus","description":"Reynard & Varone, Savi\u00e8se","publisher":{"@id":"https:\/\/cornulus.ch\/#organization"},"potentialAction":[{"@type":"SearchAction","target":{"@type":"EntryPoint","urlTemplate":"https:\/\/cornulus.ch\/?s={search_term_string}"},"query-input":{"@type":"PropertyValueSpecification","valueRequired":true,"valueName":"search_term_string"}}],"inLanguage":"de"},{"@type":"Organization","@id":"https:\/\/cornulus.ch\/#organization","name":"Domaine Cornulus SA","url":"https:\/\/cornulus.ch\/","logo":{"@type":"ImageObject","inLanguage":"de","@id":"https:\/\/cornulus.ch\/#\/schema\/logo\/image\/","url":"https:\/\/cornulus.ch\/wp-content\/uploads\/2021\/04\/logo_cornulus.png","contentUrl":"https:\/\/cornulus.ch\/wp-content\/uploads\/2021\/04\/logo_cornulus.png","width":638,"height":135,"caption":"Domaine Cornulus SA"},"image":{"@id":"https:\/\/cornulus.ch\/#\/schema\/logo\/image\/"},"sameAs":["https:\/\/www.facebook.com\/domainecornulus","https:\/\/www.instagram.com\/domainecornulus\/","https:\/\/www.youtube.com\/channel\/UCOXcunJIpWxd5ZBHlMuaRXA"]}]}},"_links":{"self":[{"href":"https:\/\/cornulus.ch\/de\/wp-json\/wp\/v2\/product\/5206","targetHints":{"allow":["GET"]}}],"collection":[{"href":"https:\/\/cornulus.ch\/de\/wp-json\/wp\/v2\/product"}],"about":[{"href":"https:\/\/cornulus.ch\/de\/wp-json\/wp\/v2\/types\/product"}],"version-history":[{"count":7,"href":"https:\/\/cornulus.ch\/de\/wp-json\/wp\/v2\/product\/5206\/revisions"}],"predecessor-version":[{"id":13840,"href":"https:\/\/cornulus.ch\/de\/wp-json\/wp\/v2\/product\/5206\/revisions\/13840"}],"wp:featuredmedia":[{"embeddable":true,"href":"https:\/\/cornulus.ch\/de\/wp-json\/wp\/v2\/media\/12579"}],"wp:attachment":[{"href":"https:\/\/cornulus.ch\/de\/wp-json\/wp\/v2\/media?parent=5206"}],"wp:term":[{"taxonomy":"product_brand","embeddable":true,"href":"https:\/\/cornulus.ch\/de\/wp-json\/wp\/v2\/product_brand?post=5206"},{"taxonomy":"product_cat","embeddable":true,"href":"https:\/\/cornulus.ch\/de\/wp-json\/wp\/v2\/product_cat?post=5206"},{"taxonomy":"product_tag","embeddable":true,"href":"https:\/\/cornulus.ch\/de\/wp-json\/wp\/v2\/product_tag?post=5206"}],"curies":[{"name":"wp","href":"https:\/\/api.w.org\/{rel}","templated":true}]}}