{"id":5151,"date":"2021-04-01T14:18:24","date_gmt":"2021-04-01T14:18:24","guid":{"rendered":"https:\/\/v2.cornulus.ch\/boutique\/syrah-chamaray-antica\/"},"modified":"2025-09-18T18:31:12","modified_gmt":"2025-09-18T16:31:12","slug":"syrah-chamaray-antica","status":"publish","type":"product","link":"https:\/\/cornulus.ch\/de\/shop\/syrah-chamaray-antica\/","title":{"rendered":"Syrah Chamaray Antica"},"content":{"rendered":"","protected":false},"excerpt":{"rendered":"<p>Cuv\u00e9e aus einer Auswahl von Parzellen, die seit 1999 bio\u00addy\u00adna\u00admisch bewirt\u00adschaf\u00adtet wer\u00adden. Er reift 18 Monate in 100% neuen Barriques aus fei\u00adnem Korn. Vielf\u00e4ltige und tiefe Aromen, rote Fr\u00fcchte, Tabak, Gew\u00fcrze, Safran, Veilchenduft. Am Gaumen dicht, ras\u00adsig und kom\u00adplex. Vertrauliche Produktion.&nbsp;<\/p>\n<p>Syrah AOC Valais | Bouteilles 75&nbsp;cl<\/p>\n<p><img decoding=\"async\" class=\"alignnone wp-image-13161\" src=\"https:\/\/cornulus.ch\/wp-content\/uploads\/2021\/04\/RP-300x160.png\" alt width=\"223\" height=\"119\" srcset=\"https:\/\/cornulus.ch\/wp-content\/uploads\/2021\/04\/RP-300x160.png 300w, https:\/\/cornulus.ch\/wp-content\/uploads\/2021\/04\/RP.png 600w\" sizes=\"(max-width: 223px) 100vw, 223px\"><\/p>\n<p>Syrah Chamaray 2016: <strong>RP 95<\/strong><\/p>\n<p>Kommentar Robert Parker (aus dem Englischen \u00fcbersetzt):<br>\n<em>Der <strong>Syrah Chamaray 2016 <\/strong>ist eine Cuv\u00e9e aus einer Auswahl von Parzellen, die seit 1999 bio\u00addy\u00adna\u00admisch bewirt\u00adschaf\u00adtet wer\u00adden. Der Wein wurde 18 Monate lang in 100 % neuen Eichenf\u00e4ssern aus\u00adge\u00adbaut. Die Nase ist typisch f\u00fcr die Rh\u00f4ne (um ehr\u00adlich zu sein, f\u00fcr die franz\u00f6\u00adsische Rh\u00f4ne). Er ist ele\u00adgant, rein, voll\u00admun\u00addig, offen und weich, mit Aromen von Lakritz und schwar\u00adzen Beeren, ver\u00admi\u00adscht mit Noten von rohem rotem Fleisch, Himbeeren, Cassis und ger\u00e4u\u00adcher\u00adtem Speck. Es ist ein dich\u00adter, raf\u00adfi\u00adnier\u00adter und kom\u00adplexer Wein, leb\u00adhaft, frisch und rein, sogar nerv\u00f6s, mit einem inten\u00adsi\u00adven und kon\u00adzen\u00adtrier\u00adten fruch\u00adti\u00adgen Kern, des\u00adsen Blut noch immer auf einer Stra\u00dfe aus Meersalz flie\u00dft. Der Wein offen\u00adbart einen sch\u00f6\u00adnen, saf\u00adti\u00adgen Geschmack und ist nach fast 9 Jahren noch sehr jung. Wenn ich ihn in mei\u00adnem Keller h\u00e4tte, w\u00fcrde ich sogar noch 3 bis 5 Jahre war\u00adten, bevor ich ihn trin\u00adken w\u00fcrde. Dieser Syrah Chamaray ist ein wahres Wunderwerk.&nbsp;<\/em><\/p>\n<p>&nbsp;<\/p>\n","protected":false},"featured_media":4854,"template":"","meta":{"wp_typography_post_enhancements_disabled":false,"site-sidebar-layout":"default","site-content-layout":"default","ast-site-content-layout":"default","site-content-style":"default","site-sidebar-style":"default","ast-global-header-display":"","ast-banner-title-visibility":"","ast-main-header-display":"","ast-hfb-above-header-display":"","ast-hfb-below-header-display":"","ast-hfb-mobile-header-display":"","site-post-title":"","ast-breadcrumbs-content":"","ast-featured-img":"","footer-sml-layout":"","theme-transparent-header-meta":"default","adv-header-id-meta":"","stick-header-meta":"default","header-above-stick-meta":"","header-main-stick-meta":"","header-below-stick-meta":"","astra-migrate-meta-layouts":"default","ast-page-background-enabled":"default","ast-page-background-meta":{"desktop":{"background-color":"var(--ast-global-color-4)","background-image":"","background-repeat":"repeat","background-position":"center center","background-size":"auto","background-attachment":"scroll","background-type":"","background-media":"","overlay-type":"","overlay-color":"","overlay-opacity":"","overlay-gradient":""},"tablet":{"background-color":"","background-image":"","background-repeat":"repeat","background-position":"center center","background-size":"auto","background-attachment":"scroll","background-type":"","background-media":"","overlay-type":"","overlay-color":"","overlay-opacity":"","overlay-gradient":""},"mobile":{"background-color":"","background-image":"","background-repeat":"repeat","background-position":"center center","background-size":"auto","background-attachment":"scroll","background-type":"","background-media":"","overlay-type":"","overlay-color":"","overlay-opacity":"","overlay-gradient":""}},"ast-content-background-meta":{"desktop":{"background-color":"var(--ast-global-color-5)","background-image":"","background-repeat":"repeat","background-position":"center center","background-size":"auto","background-attachment":"scroll","background-type":"","background-media":"","overlay-type":"","overlay-color":"","overlay-opacity":"","overlay-gradient":""},"tablet":{"background-color":"var(--ast-global-color-5)","background-image":"","background-repeat":"repeat","background-position":"center center","background-size":"auto","background-attachment":"scroll","background-type":"","background-media":"","overlay-type":"","overlay-color":"","overlay-opacity":"","overlay-gradient":""},"mobile":{"background-color":"var(--ast-global-color-5)","background-image":"","background-repeat":"repeat","background-position":"center center","background-size":"auto","background-attachment":"scroll","background-type":"","background-media":"","overlay-type":"","overlay-color":"","overlay-opacity":"","overlay-gradient":""}}},"product_brand":[],"product_cat":[62],"product_tag":[],"class_list":{"0":"post-5151","1":"product","2":"type-product","3":"status-publish","4":"has-post-thumbnail","6":"product_cat-antica-de","7":"desktop-align-left","8":"tablet-align-left","9":"mobile-align-left","11":"first","12":"instock","13":"shipping-taxable","14":"product-type-simple"},"yoast_head":"<!-- This site is optimized with the Yoast SEO plugin v27.3 - https:\/\/yoast.com\/product\/yoast-seo-wordpress\/ -->\n<title>Syrah Chamaray Antica - Cornulus<\/title>\n<meta name=\"robots\" content=\"index, follow, max-snippet:-1, max-image-preview:large, max-video-preview:-1\" \/>\n<link rel=\"canonical\" href=\"https:\/\/cornulus.ch\/de\/shop\/syrah-chamaray-antica\/\" \/>\n<meta property=\"og:locale\" content=\"de_DE\" \/>\n<meta property=\"og:type\" content=\"article\" \/>\n<meta property=\"og:title\" content=\"Syrah Chamaray Antica - Cornulus\" \/>\n<meta property=\"og:description\" content=\"Cuv\u00e9e aus einer Auswahl von Parzellen, die seit 1999 biodynamisch bewirtschaftet werden. Er reift 18 Monate in 100% neuen Barriques aus feinem Korn. Vielf\u00e4ltige und tiefe Aromen, rote Fr\u00fcchte, Tabak, Gew\u00fcrze, Safran, Veilchenduft. Am Gaumen dicht, rassig und komplex. Vertrauliche Produktion.   Syrah AOC Valais | Bouteilles 75 cl  Syrah Chamaray 2016: RP 95 Kommentar Robert Parker (aus dem Englischen \u00fcbersetzt): Der Syrah Chamaray 2016 ist eine Cuv\u00e9e aus einer Auswahl von Parzellen, die seit 1999 biodynamisch bewirtschaftet werden. Der Wein wurde 18 Monate lang in 100 % neuen Eichenf\u00e4ssern ausgebaut. Die Nase ist typisch f\u00fcr die Rh\u00f4ne (um ehrlich zu sein, f\u00fcr die franz\u00f6sische Rh\u00f4ne). Er ist elegant, rein, vollmundig, offen und weich, mit Aromen von Lakritz und schwarzen Beeren, vermischt mit Noten von rohem rotem Fleisch, Himbeeren, Cassis und ger\u00e4uchertem Speck. Es ist ein dichter, raffinierter und komplexer Wein, lebhaft, frisch und rein, sogar nerv\u00f6s, mit einem intensiven und konzentrierten fruchtigen Kern, dessen Blut noch immer auf einer Stra\u00dfe aus Meersalz flie\u00dft. Der Wein offenbart einen sch\u00f6nen, saftigen Geschmack und ist nach fast 9 Jahren noch sehr jung. Wenn ich ihn in meinem Keller h\u00e4tte, w\u00fcrde ich sogar noch 3 bis 5 Jahre warten, bevor ich ihn trinken w\u00fcrde. Dieser Syrah Chamaray ist ein wahres Wunderwerk.     &nbsp;\" \/>\n<meta property=\"og:url\" content=\"https:\/\/cornulus.ch\/de\/shop\/syrah-chamaray-antica\/\" \/>\n<meta property=\"og:site_name\" content=\"Cornulus\" \/>\n<meta property=\"article:publisher\" content=\"https:\/\/www.facebook.com\/domainecornulus\" \/>\n<meta property=\"article:modified_time\" content=\"2025-09-18T16:31:12+00:00\" \/>\n<meta property=\"og:image\" content=\"https:\/\/cornulus.ch\/wp-content\/uploads\/2021\/04\/Syrah-Chamaray_Antica.png\" \/>\n\t<meta property=\"og:image:width\" content=\"600\" \/>\n\t<meta property=\"og:image:height\" content=\"800\" \/>\n\t<meta property=\"og:image:type\" content=\"image\/png\" \/>\n<meta name=\"twitter:card\" content=\"summary_large_image\" \/>\n<script type=\"application\/ld+json\" class=\"yoast-schema-graph\">{\"@context\":\"https:\\\/\\\/schema.org\",\"@graph\":[{\"@type\":\"WebPage\",\"@id\":\"https:\\\/\\\/cornulus.ch\\\/de\\\/shop\\\/syrah-chamaray-antica\\\/\",\"url\":\"https:\\\/\\\/cornulus.ch\\\/de\\\/shop\\\/syrah-chamaray-antica\\\/\",\"name\":\"Syrah Chamaray Antica - Cornulus\",\"isPartOf\":{\"@id\":\"https:\\\/\\\/cornulus.ch\\\/#website\"},\"primaryImageOfPage\":{\"@id\":\"https:\\\/\\\/cornulus.ch\\\/de\\\/shop\\\/syrah-chamaray-antica\\\/#primaryimage\"},\"image\":{\"@id\":\"https:\\\/\\\/cornulus.ch\\\/de\\\/shop\\\/syrah-chamaray-antica\\\/#primaryimage\"},\"thumbnailUrl\":\"https:\\\/\\\/cornulus.ch\\\/wp-content\\\/uploads\\\/2021\\\/04\\\/Syrah-Chamaray_Antica.png\",\"datePublished\":\"2021-04-01T14:18:24+00:00\",\"dateModified\":\"2025-09-18T16:31:12+00:00\",\"breadcrumb\":{\"@id\":\"https:\\\/\\\/cornulus.ch\\\/de\\\/shop\\\/syrah-chamaray-antica\\\/#breadcrumb\"},\"inLanguage\":\"de\",\"potentialAction\":[{\"@type\":\"ReadAction\",\"target\":[\"https:\\\/\\\/cornulus.ch\\\/de\\\/shop\\\/syrah-chamaray-antica\\\/\"]}]},{\"@type\":\"ImageObject\",\"inLanguage\":\"de\",\"@id\":\"https:\\\/\\\/cornulus.ch\\\/de\\\/shop\\\/syrah-chamaray-antica\\\/#primaryimage\",\"url\":\"https:\\\/\\\/cornulus.ch\\\/wp-content\\\/uploads\\\/2021\\\/04\\\/Syrah-Chamaray_Antica.png\",\"contentUrl\":\"https:\\\/\\\/cornulus.ch\\\/wp-content\\\/uploads\\\/2021\\\/04\\\/Syrah-Chamaray_Antica.png\",\"width\":600,\"height\":800},{\"@type\":\"BreadcrumbList\",\"@id\":\"https:\\\/\\\/cornulus.ch\\\/de\\\/shop\\\/syrah-chamaray-antica\\\/#breadcrumb\",\"itemListElement\":[{\"@type\":\"ListItem\",\"position\":1,\"name\":\"Accueil\",\"item\":\"https:\\\/\\\/cornulus.ch\\\/de\\\/startseite\\\/\"},{\"@type\":\"ListItem\",\"position\":2,\"name\":\"Shop\",\"item\":\"https:\\\/\\\/cornulus.ch\\\/de\\\/shop\\\/\"},{\"@type\":\"ListItem\",\"position\":3,\"name\":\"Syrah Chamaray Antica\"}]},{\"@type\":\"WebSite\",\"@id\":\"https:\\\/\\\/cornulus.ch\\\/#website\",\"url\":\"https:\\\/\\\/cornulus.ch\\\/\",\"name\":\"Cornulus\",\"description\":\"Reynard & Varone, Savi\u00e8se\",\"publisher\":{\"@id\":\"https:\\\/\\\/cornulus.ch\\\/#organization\"},\"potentialAction\":[{\"@type\":\"SearchAction\",\"target\":{\"@type\":\"EntryPoint\",\"urlTemplate\":\"https:\\\/\\\/cornulus.ch\\\/?s={search_term_string}\"},\"query-input\":{\"@type\":\"PropertyValueSpecification\",\"valueRequired\":true,\"valueName\":\"search_term_string\"}}],\"inLanguage\":\"de\"},{\"@type\":\"Organization\",\"@id\":\"https:\\\/\\\/cornulus.ch\\\/#organization\",\"name\":\"Domaine Cornulus SA\",\"url\":\"https:\\\/\\\/cornulus.ch\\\/\",\"logo\":{\"@type\":\"ImageObject\",\"inLanguage\":\"de\",\"@id\":\"https:\\\/\\\/cornulus.ch\\\/#\\\/schema\\\/logo\\\/image\\\/\",\"url\":\"https:\\\/\\\/cornulus.ch\\\/wp-content\\\/uploads\\\/2021\\\/04\\\/logo_cornulus.png\",\"contentUrl\":\"https:\\\/\\\/cornulus.ch\\\/wp-content\\\/uploads\\\/2021\\\/04\\\/logo_cornulus.png\",\"width\":638,\"height\":135,\"caption\":\"Domaine Cornulus SA\"},\"image\":{\"@id\":\"https:\\\/\\\/cornulus.ch\\\/#\\\/schema\\\/logo\\\/image\\\/\"},\"sameAs\":[\"https:\\\/\\\/www.facebook.com\\\/domainecornulus\",\"https:\\\/\\\/www.instagram.com\\\/domainecornulus\\\/\",\"https:\\\/\\\/www.youtube.com\\\/channel\\\/UCOXcunJIpWxd5ZBHlMuaRXA\"]}]}<\/script>\n<!-- \/ Yoast SEO plugin. -->","yoast_head_json":{"title":"Syrah Chamaray Antica - Cornulus","robots":{"index":"index","follow":"follow","max-snippet":"max-snippet:-1","max-image-preview":"max-image-preview:large","max-video-preview":"max-video-preview:-1"},"canonical":"https:\/\/cornulus.ch\/de\/shop\/syrah-chamaray-antica\/","og_locale":"de_DE","og_type":"article","og_title":"Syrah Chamaray Antica - Cornulus","og_description":"Cuv\u00e9e aus einer Auswahl von Parzellen, die seit 1999 biodynamisch bewirtschaftet werden. Er reift 18 Monate in 100% neuen Barriques aus feinem Korn. Vielf\u00e4ltige und tiefe Aromen, rote Fr\u00fcchte, Tabak, Gew\u00fcrze, Safran, Veilchenduft. Am Gaumen dicht, rassig und komplex. Vertrauliche Produktion.   Syrah AOC Valais | Bouteilles 75 cl  Syrah Chamaray 2016: RP 95 Kommentar Robert Parker (aus dem Englischen \u00fcbersetzt): Der Syrah Chamaray 2016 ist eine Cuv\u00e9e aus einer Auswahl von Parzellen, die seit 1999 biodynamisch bewirtschaftet werden. Der Wein wurde 18 Monate lang in 100 % neuen Eichenf\u00e4ssern ausgebaut. Die Nase ist typisch f\u00fcr die Rh\u00f4ne (um ehrlich zu sein, f\u00fcr die franz\u00f6sische Rh\u00f4ne). Er ist elegant, rein, vollmundig, offen und weich, mit Aromen von Lakritz und schwarzen Beeren, vermischt mit Noten von rohem rotem Fleisch, Himbeeren, Cassis und ger\u00e4uchertem Speck. Es ist ein dichter, raffinierter und komplexer Wein, lebhaft, frisch und rein, sogar nerv\u00f6s, mit einem intensiven und konzentrierten fruchtigen Kern, dessen Blut noch immer auf einer Stra\u00dfe aus Meersalz flie\u00dft. Der Wein offenbart einen sch\u00f6nen, saftigen Geschmack und ist nach fast 9 Jahren noch sehr jung. Wenn ich ihn in meinem Keller h\u00e4tte, w\u00fcrde ich sogar noch 3 bis 5 Jahre warten, bevor ich ihn trinken w\u00fcrde. Dieser Syrah Chamaray ist ein wahres Wunderwerk.     &nbsp;","og_url":"https:\/\/cornulus.ch\/de\/shop\/syrah-chamaray-antica\/","og_site_name":"Cornulus","article_publisher":"https:\/\/www.facebook.com\/domainecornulus","article_modified_time":"2025-09-18T16:31:12+00:00","og_image":[{"width":600,"height":800,"url":"https:\/\/cornulus.ch\/wp-content\/uploads\/2021\/04\/Syrah-Chamaray_Antica.png","type":"image\/png"}],"twitter_card":"summary_large_image","schema":{"@context":"https:\/\/schema.org","@graph":[{"@type":"WebPage","@id":"https:\/\/cornulus.ch\/de\/shop\/syrah-chamaray-antica\/","url":"https:\/\/cornulus.ch\/de\/shop\/syrah-chamaray-antica\/","name":"Syrah Chamaray Antica - Cornulus","isPartOf":{"@id":"https:\/\/cornulus.ch\/#website"},"primaryImageOfPage":{"@id":"https:\/\/cornulus.ch\/de\/shop\/syrah-chamaray-antica\/#primaryimage"},"image":{"@id":"https:\/\/cornulus.ch\/de\/shop\/syrah-chamaray-antica\/#primaryimage"},"thumbnailUrl":"https:\/\/cornulus.ch\/wp-content\/uploads\/2021\/04\/Syrah-Chamaray_Antica.png","datePublished":"2021-04-01T14:18:24+00:00","dateModified":"2025-09-18T16:31:12+00:00","breadcrumb":{"@id":"https:\/\/cornulus.ch\/de\/shop\/syrah-chamaray-antica\/#breadcrumb"},"inLanguage":"de","potentialAction":[{"@type":"ReadAction","target":["https:\/\/cornulus.ch\/de\/shop\/syrah-chamaray-antica\/"]}]},{"@type":"ImageObject","inLanguage":"de","@id":"https:\/\/cornulus.ch\/de\/shop\/syrah-chamaray-antica\/#primaryimage","url":"https:\/\/cornulus.ch\/wp-content\/uploads\/2021\/04\/Syrah-Chamaray_Antica.png","contentUrl":"https:\/\/cornulus.ch\/wp-content\/uploads\/2021\/04\/Syrah-Chamaray_Antica.png","width":600,"height":800},{"@type":"BreadcrumbList","@id":"https:\/\/cornulus.ch\/de\/shop\/syrah-chamaray-antica\/#breadcrumb","itemListElement":[{"@type":"ListItem","position":1,"name":"Accueil","item":"https:\/\/cornulus.ch\/de\/startseite\/"},{"@type":"ListItem","position":2,"name":"Shop","item":"https:\/\/cornulus.ch\/de\/shop\/"},{"@type":"ListItem","position":3,"name":"Syrah Chamaray Antica"}]},{"@type":"WebSite","@id":"https:\/\/cornulus.ch\/#website","url":"https:\/\/cornulus.ch\/","name":"Cornulus","description":"Reynard & Varone, Savi\u00e8se","publisher":{"@id":"https:\/\/cornulus.ch\/#organization"},"potentialAction":[{"@type":"SearchAction","target":{"@type":"EntryPoint","urlTemplate":"https:\/\/cornulus.ch\/?s={search_term_string}"},"query-input":{"@type":"PropertyValueSpecification","valueRequired":true,"valueName":"search_term_string"}}],"inLanguage":"de"},{"@type":"Organization","@id":"https:\/\/cornulus.ch\/#organization","name":"Domaine Cornulus SA","url":"https:\/\/cornulus.ch\/","logo":{"@type":"ImageObject","inLanguage":"de","@id":"https:\/\/cornulus.ch\/#\/schema\/logo\/image\/","url":"https:\/\/cornulus.ch\/wp-content\/uploads\/2021\/04\/logo_cornulus.png","contentUrl":"https:\/\/cornulus.ch\/wp-content\/uploads\/2021\/04\/logo_cornulus.png","width":638,"height":135,"caption":"Domaine Cornulus SA"},"image":{"@id":"https:\/\/cornulus.ch\/#\/schema\/logo\/image\/"},"sameAs":["https:\/\/www.facebook.com\/domainecornulus","https:\/\/www.instagram.com\/domainecornulus\/","https:\/\/www.youtube.com\/channel\/UCOXcunJIpWxd5ZBHlMuaRXA"]}]}},"_links":{"self":[{"href":"https:\/\/cornulus.ch\/de\/wp-json\/wp\/v2\/product\/5151","targetHints":{"allow":["GET"]}}],"collection":[{"href":"https:\/\/cornulus.ch\/de\/wp-json\/wp\/v2\/product"}],"about":[{"href":"https:\/\/cornulus.ch\/de\/wp-json\/wp\/v2\/types\/product"}],"version-history":[{"count":5,"href":"https:\/\/cornulus.ch\/de\/wp-json\/wp\/v2\/product\/5151\/revisions"}],"predecessor-version":[{"id":13364,"href":"https:\/\/cornulus.ch\/de\/wp-json\/wp\/v2\/product\/5151\/revisions\/13364"}],"wp:featuredmedia":[{"embeddable":true,"href":"https:\/\/cornulus.ch\/de\/wp-json\/wp\/v2\/media\/4854"}],"wp:attachment":[{"href":"https:\/\/cornulus.ch\/de\/wp-json\/wp\/v2\/media?parent=5151"}],"wp:term":[{"taxonomy":"product_brand","embeddable":true,"href":"https:\/\/cornulus.ch\/de\/wp-json\/wp\/v2\/product_brand?post=5151"},{"taxonomy":"product_cat","embeddable":true,"href":"https:\/\/cornulus.ch\/de\/wp-json\/wp\/v2\/product_cat?post=5151"},{"taxonomy":"product_tag","embeddable":true,"href":"https:\/\/cornulus.ch\/de\/wp-json\/wp\/v2\/product_tag?post=5151"}],"curies":[{"name":"wp","href":"https:\/\/api.w.org\/{rel}","templated":true}]}}