{"id":5092,"date":"2021-04-01T14:18:46","date_gmt":"2021-04-01T14:18:46","guid":{"rendered":"https:\/\/v2.cornulus.ch\/boutique\/hermitage-coeur-du-clos\/"},"modified":"2025-09-05T11:23:44","modified_gmt":"2025-09-05T09:23:44","slug":"hermitage-coeur-du-clos","status":"publish","type":"product","link":"https:\/\/cornulus.ch\/de\/shop\/hermitage-coeur-du-clos\/","title":{"rendered":"Hermitage Coeur du&nbsp;Clos"},"content":{"rendered":"","protected":false},"excerpt":{"rendered":"<div class=\"product-desc\">\n<p>Dieser Hermitage (95% wei\u00dfe Marsanne, 5% Roussanne) wird 18 Monate in 500 Liter Barriques mit fei\u00adnem Korn aus\u00adge\u00adbaut. Bouquet mit Aromen von wei\u00dfem Tr\u00fcffel, Birne, mit Noten von Haselnuss und Bittermandel. Ein aus\u00adge\u00adpr\u00e4g\u00adter mine\u00adra\u00adli\u00adscher Eindruck und ein lan\u00adger Abgang. Serviertemperatur 12\u201313 Grad. Kr\u00e4ftige Hartk\u00e4sesorten, Gefl\u00fcgel mit Tr\u00fcffel.<\/p>\n<p>AOC Valais | 75 cl Flasche<\/p>\n<p>&nbsp;<\/p>\n<p><img decoding=\"async\" class=\"wp-image-13161 alignleft\" style=\"font-style: inherit; font-weight: inherit;\" src=\"https:\/\/cornulus.ch\/wp-content\/uploads\/2021\/04\/RP-300x160.png\" alt width=\"158\" height=\"84\" srcset=\"https:\/\/cornulus.ch\/wp-content\/uploads\/2021\/04\/RP-300x160.png 300w, https:\/\/cornulus.ch\/wp-content\/uploads\/2021\/04\/RP.png 600w\" sizes=\"(max-width: 158px) 100vw, 158px\"><\/p>\n<\/div>\n<p>&nbsp;<\/p>\n<p>&nbsp;<\/p>\n<p>&nbsp;<\/p>\n<p>Der Hermitage Coeur du Clos 2021 erhielt eine au\u00dfer\u00adgew\u00f6hn\u00adliche Bewertung von <strong>95 Punkten<\/strong>.<\/p>\n<p>Auszug aus dem <strong>Robert Parker<\/strong> Guide (aus dem Englischen \u00fcbersetzt):<br>\n<em>Der Hermitage Coeur du Clos 2021 ist eine Mischung aus 95% Marsanne und 5% Roussanne, die 18 Monate lang in 500-Liter-F\u00e4ssern aus\u00adge\u00adbaut wurde. Die Nase ist tief, reich und inten\u00adsiv und ver\u00admi\u00adscht Aromen von Hefe und s\u00fc\u00dfer Eiche mit Weinnoten von Birne und zar\u00adter Haselnuss. Rund, saf\u00adtig und sal\u00adzig am Gaumen ist er ein voll\u00admun\u00addi\u00adger, kom\u00adplexer und anhal\u00adten\u00adder Wein mit fei\u00adnen Tanninen und mil\u00adder S\u00e4ure. Dies ist ein gro\u00dfer Marsanne, sehr ele\u00adgant, reich und ausgewogen.&nbsp;<\/em><\/p>\n","protected":false},"featured_media":12536,"template":"","meta":{"wp_typography_post_enhancements_disabled":false,"site-sidebar-layout":"default","site-content-layout":"default","ast-site-content-layout":"default","site-content-style":"default","site-sidebar-style":"default","ast-global-header-display":"","ast-banner-title-visibility":"","ast-main-header-display":"","ast-hfb-above-header-display":"","ast-hfb-below-header-display":"","ast-hfb-mobile-header-display":"","site-post-title":"","ast-breadcrumbs-content":"","ast-featured-img":"","footer-sml-layout":"","theme-transparent-header-meta":"default","adv-header-id-meta":"","stick-header-meta":"default","header-above-stick-meta":"","header-main-stick-meta":"","header-below-stick-meta":"","astra-migrate-meta-layouts":"default","ast-page-background-enabled":"default","ast-page-background-meta":{"desktop":{"background-color":"var(--ast-global-color-4)","background-image":"","background-repeat":"repeat","background-position":"center center","background-size":"auto","background-attachment":"scroll","background-type":"","background-media":"","overlay-type":"","overlay-color":"","overlay-opacity":"","overlay-gradient":""},"tablet":{"background-color":"","background-image":"","background-repeat":"repeat","background-position":"center center","background-size":"auto","background-attachment":"scroll","background-type":"","background-media":"","overlay-type":"","overlay-color":"","overlay-opacity":"","overlay-gradient":""},"mobile":{"background-color":"","background-image":"","background-repeat":"repeat","background-position":"center center","background-size":"auto","background-attachment":"scroll","background-type":"","background-media":"","overlay-type":"","overlay-color":"","overlay-opacity":"","overlay-gradient":""}},"ast-content-background-meta":{"desktop":{"background-color":"var(--ast-global-color-5)","background-image":"","background-repeat":"repeat","background-position":"center center","background-size":"auto","background-attachment":"scroll","background-type":"","background-media":"","overlay-type":"","overlay-color":"","overlay-opacity":"","overlay-gradient":""},"tablet":{"background-color":"var(--ast-global-color-5)","background-image":"","background-repeat":"repeat","background-position":"center center","background-size":"auto","background-attachment":"scroll","background-type":"","background-media":"","overlay-type":"","overlay-color":"","overlay-opacity":"","overlay-gradient":""},"mobile":{"background-color":"var(--ast-global-color-5)","background-image":"","background-repeat":"repeat","background-position":"center center","background-size":"auto","background-attachment":"scroll","background-type":"","background-media":"","overlay-type":"","overlay-color":"","overlay-opacity":"","overlay-gradient":""}}},"product_brand":[],"product_cat":[65],"product_tag":[],"class_list":{"0":"post-5092","1":"product","2":"type-product","3":"status-publish","4":"has-post-thumbnail","6":"product_cat-clos-des-corbassieres-de","7":"desktop-align-left","8":"tablet-align-left","9":"mobile-align-left","11":"first","12":"instock","13":"shipping-taxable","14":"purchasable","15":"product-type-simple"},"yoast_head":"<!-- This site is optimized with the Yoast SEO plugin v27.3 - https:\/\/yoast.com\/product\/yoast-seo-wordpress\/ -->\n<title>Hermitage Coeur du Clos - Cornulus<\/title>\n<meta name=\"robots\" content=\"index, follow, max-snippet:-1, max-image-preview:large, max-video-preview:-1\" \/>\n<link rel=\"canonical\" href=\"https:\/\/cornulus.ch\/de\/shop\/hermitage-coeur-du-clos\/\" \/>\n<meta property=\"og:locale\" content=\"de_DE\" \/>\n<meta property=\"og:type\" content=\"article\" \/>\n<meta property=\"og:title\" content=\"Hermitage Coeur du Clos - Cornulus\" \/>\n<meta property=\"og:description\" content=\"Dieser Hermitage (95% wei\u00dfe Marsanne, 5% Roussanne) wird 18 Monate in 500 Liter Barriques mit feinem Korn ausgebaut. Bouquet mit Aromen von wei\u00dfem Tr\u00fcffel, Birne, mit Noten von Haselnuss und Bittermandel. Ein ausgepr\u00e4gter mineralischer Eindruck und ein langer Abgang. Serviertemperatur 12-13 Grad. Kr\u00e4ftige Hartk\u00e4sesorten, Gefl\u00fcgel mit Tr\u00fcffel. AOC Valais | 75 cl Flasche &nbsp;   &nbsp; &nbsp; &nbsp; Der Hermitage Coeur du Clos 2021 erhielt eine au\u00dfergew\u00f6hnliche Bewertung von 95 Punkten. Auszug aus dem Robert Parker Guide (aus dem Englischen \u00fcbersetzt): Der Hermitage Coeur du Clos 2021 ist eine Mischung aus 95% Marsanne und 5% Roussanne, die 18 Monate lang in 500-Liter-F\u00e4ssern ausgebaut wurde. Die Nase ist tief, reich und intensiv und vermischt Aromen von Hefe und s\u00fc\u00dfer Eiche mit Weinnoten von Birne und zarter Haselnuss. Rund, saftig und salzig am Gaumen ist er ein vollmundiger, komplexer und anhaltender Wein mit feinen Tanninen und milder S\u00e4ure. Dies ist ein gro\u00dfer Marsanne, sehr elegant, reich und ausgewogen.\" \/>\n<meta property=\"og:url\" content=\"https:\/\/cornulus.ch\/de\/shop\/hermitage-coeur-du-clos\/\" \/>\n<meta property=\"og:site_name\" content=\"Cornulus\" \/>\n<meta property=\"article:publisher\" content=\"https:\/\/www.facebook.com\/domainecornulus\" \/>\n<meta property=\"article:modified_time\" content=\"2025-09-05T09:23:44+00:00\" \/>\n<meta property=\"og:image\" content=\"https:\/\/cornulus.ch\/wp-content\/uploads\/2021\/04\/Coeur-du-clos_Hermitage-scaled.jpg\" \/>\n\t<meta property=\"og:image:width\" content=\"1393\" \/>\n\t<meta property=\"og:image:height\" content=\"2560\" \/>\n\t<meta property=\"og:image:type\" content=\"image\/jpeg\" \/>\n<meta name=\"twitter:card\" content=\"summary_large_image\" \/>\n<script type=\"application\/ld+json\" class=\"yoast-schema-graph\">{\"@context\":\"https:\\\/\\\/schema.org\",\"@graph\":[{\"@type\":\"WebPage\",\"@id\":\"https:\\\/\\\/cornulus.ch\\\/de\\\/shop\\\/hermitage-coeur-du-clos\\\/\",\"url\":\"https:\\\/\\\/cornulus.ch\\\/de\\\/shop\\\/hermitage-coeur-du-clos\\\/\",\"name\":\"Hermitage Coeur du Clos - Cornulus\",\"isPartOf\":{\"@id\":\"https:\\\/\\\/cornulus.ch\\\/#website\"},\"primaryImageOfPage\":{\"@id\":\"https:\\\/\\\/cornulus.ch\\\/de\\\/shop\\\/hermitage-coeur-du-clos\\\/#primaryimage\"},\"image\":{\"@id\":\"https:\\\/\\\/cornulus.ch\\\/de\\\/shop\\\/hermitage-coeur-du-clos\\\/#primaryimage\"},\"thumbnailUrl\":\"https:\\\/\\\/cornulus.ch\\\/wp-content\\\/uploads\\\/2021\\\/04\\\/Coeur-du-clos_Hermitage-scaled.jpg\",\"datePublished\":\"2021-04-01T14:18:46+00:00\",\"dateModified\":\"2025-09-05T09:23:44+00:00\",\"breadcrumb\":{\"@id\":\"https:\\\/\\\/cornulus.ch\\\/de\\\/shop\\\/hermitage-coeur-du-clos\\\/#breadcrumb\"},\"inLanguage\":\"de\",\"potentialAction\":[{\"@type\":\"ReadAction\",\"target\":[\"https:\\\/\\\/cornulus.ch\\\/de\\\/shop\\\/hermitage-coeur-du-clos\\\/\"]}]},{\"@type\":\"ImageObject\",\"inLanguage\":\"de\",\"@id\":\"https:\\\/\\\/cornulus.ch\\\/de\\\/shop\\\/hermitage-coeur-du-clos\\\/#primaryimage\",\"url\":\"https:\\\/\\\/cornulus.ch\\\/wp-content\\\/uploads\\\/2021\\\/04\\\/Coeur-du-clos_Hermitage-scaled.jpg\",\"contentUrl\":\"https:\\\/\\\/cornulus.ch\\\/wp-content\\\/uploads\\\/2021\\\/04\\\/Coeur-du-clos_Hermitage-scaled.jpg\",\"width\":1393,\"height\":2560,\"caption\":\"Hermitage Coeur du Clos Domaine Cornulus\"},{\"@type\":\"BreadcrumbList\",\"@id\":\"https:\\\/\\\/cornulus.ch\\\/de\\\/shop\\\/hermitage-coeur-du-clos\\\/#breadcrumb\",\"itemListElement\":[{\"@type\":\"ListItem\",\"position\":1,\"name\":\"Accueil\",\"item\":\"https:\\\/\\\/cornulus.ch\\\/de\\\/startseite\\\/\"},{\"@type\":\"ListItem\",\"position\":2,\"name\":\"Shop\",\"item\":\"https:\\\/\\\/cornulus.ch\\\/de\\\/shop\\\/\"},{\"@type\":\"ListItem\",\"position\":3,\"name\":\"Hermitage Coeur du&nbsp;Clos\"}]},{\"@type\":\"WebSite\",\"@id\":\"https:\\\/\\\/cornulus.ch\\\/#website\",\"url\":\"https:\\\/\\\/cornulus.ch\\\/\",\"name\":\"Cornulus\",\"description\":\"Reynard & Varone, Savi\u00e8se\",\"publisher\":{\"@id\":\"https:\\\/\\\/cornulus.ch\\\/#organization\"},\"potentialAction\":[{\"@type\":\"SearchAction\",\"target\":{\"@type\":\"EntryPoint\",\"urlTemplate\":\"https:\\\/\\\/cornulus.ch\\\/?s={search_term_string}\"},\"query-input\":{\"@type\":\"PropertyValueSpecification\",\"valueRequired\":true,\"valueName\":\"search_term_string\"}}],\"inLanguage\":\"de\"},{\"@type\":\"Organization\",\"@id\":\"https:\\\/\\\/cornulus.ch\\\/#organization\",\"name\":\"Domaine Cornulus SA\",\"url\":\"https:\\\/\\\/cornulus.ch\\\/\",\"logo\":{\"@type\":\"ImageObject\",\"inLanguage\":\"de\",\"@id\":\"https:\\\/\\\/cornulus.ch\\\/#\\\/schema\\\/logo\\\/image\\\/\",\"url\":\"https:\\\/\\\/cornulus.ch\\\/wp-content\\\/uploads\\\/2021\\\/04\\\/logo_cornulus.png\",\"contentUrl\":\"https:\\\/\\\/cornulus.ch\\\/wp-content\\\/uploads\\\/2021\\\/04\\\/logo_cornulus.png\",\"width\":638,\"height\":135,\"caption\":\"Domaine Cornulus SA\"},\"image\":{\"@id\":\"https:\\\/\\\/cornulus.ch\\\/#\\\/schema\\\/logo\\\/image\\\/\"},\"sameAs\":[\"https:\\\/\\\/www.facebook.com\\\/domainecornulus\",\"https:\\\/\\\/www.instagram.com\\\/domainecornulus\\\/\",\"https:\\\/\\\/www.youtube.com\\\/channel\\\/UCOXcunJIpWxd5ZBHlMuaRXA\"]}]}<\/script>\n<!-- \/ Yoast SEO plugin. -->","yoast_head_json":{"title":"Hermitage Coeur du Clos - Cornulus","robots":{"index":"index","follow":"follow","max-snippet":"max-snippet:-1","max-image-preview":"max-image-preview:large","max-video-preview":"max-video-preview:-1"},"canonical":"https:\/\/cornulus.ch\/de\/shop\/hermitage-coeur-du-clos\/","og_locale":"de_DE","og_type":"article","og_title":"Hermitage Coeur du Clos - Cornulus","og_description":"Dieser Hermitage (95% wei\u00dfe Marsanne, 5% Roussanne) wird 18 Monate in 500 Liter Barriques mit feinem Korn ausgebaut. Bouquet mit Aromen von wei\u00dfem Tr\u00fcffel, Birne, mit Noten von Haselnuss und Bittermandel. Ein ausgepr\u00e4gter mineralischer Eindruck und ein langer Abgang. Serviertemperatur 12-13 Grad. Kr\u00e4ftige Hartk\u00e4sesorten, Gefl\u00fcgel mit Tr\u00fcffel. AOC Valais | 75 cl Flasche &nbsp;   &nbsp; &nbsp; &nbsp; Der Hermitage Coeur du Clos 2021 erhielt eine au\u00dfergew\u00f6hnliche Bewertung von 95 Punkten. Auszug aus dem Robert Parker Guide (aus dem Englischen \u00fcbersetzt): Der Hermitage Coeur du Clos 2021 ist eine Mischung aus 95% Marsanne und 5% Roussanne, die 18 Monate lang in 500-Liter-F\u00e4ssern ausgebaut wurde. Die Nase ist tief, reich und intensiv und vermischt Aromen von Hefe und s\u00fc\u00dfer Eiche mit Weinnoten von Birne und zarter Haselnuss. Rund, saftig und salzig am Gaumen ist er ein vollmundiger, komplexer und anhaltender Wein mit feinen Tanninen und milder S\u00e4ure. Dies ist ein gro\u00dfer Marsanne, sehr elegant, reich und ausgewogen.","og_url":"https:\/\/cornulus.ch\/de\/shop\/hermitage-coeur-du-clos\/","og_site_name":"Cornulus","article_publisher":"https:\/\/www.facebook.com\/domainecornulus","article_modified_time":"2025-09-05T09:23:44+00:00","og_image":[{"width":1393,"height":2560,"url":"https:\/\/cornulus.ch\/wp-content\/uploads\/2021\/04\/Coeur-du-clos_Hermitage-scaled.jpg","type":"image\/jpeg"}],"twitter_card":"summary_large_image","schema":{"@context":"https:\/\/schema.org","@graph":[{"@type":"WebPage","@id":"https:\/\/cornulus.ch\/de\/shop\/hermitage-coeur-du-clos\/","url":"https:\/\/cornulus.ch\/de\/shop\/hermitage-coeur-du-clos\/","name":"Hermitage Coeur du Clos - Cornulus","isPartOf":{"@id":"https:\/\/cornulus.ch\/#website"},"primaryImageOfPage":{"@id":"https:\/\/cornulus.ch\/de\/shop\/hermitage-coeur-du-clos\/#primaryimage"},"image":{"@id":"https:\/\/cornulus.ch\/de\/shop\/hermitage-coeur-du-clos\/#primaryimage"},"thumbnailUrl":"https:\/\/cornulus.ch\/wp-content\/uploads\/2021\/04\/Coeur-du-clos_Hermitage-scaled.jpg","datePublished":"2021-04-01T14:18:46+00:00","dateModified":"2025-09-05T09:23:44+00:00","breadcrumb":{"@id":"https:\/\/cornulus.ch\/de\/shop\/hermitage-coeur-du-clos\/#breadcrumb"},"inLanguage":"de","potentialAction":[{"@type":"ReadAction","target":["https:\/\/cornulus.ch\/de\/shop\/hermitage-coeur-du-clos\/"]}]},{"@type":"ImageObject","inLanguage":"de","@id":"https:\/\/cornulus.ch\/de\/shop\/hermitage-coeur-du-clos\/#primaryimage","url":"https:\/\/cornulus.ch\/wp-content\/uploads\/2021\/04\/Coeur-du-clos_Hermitage-scaled.jpg","contentUrl":"https:\/\/cornulus.ch\/wp-content\/uploads\/2021\/04\/Coeur-du-clos_Hermitage-scaled.jpg","width":1393,"height":2560,"caption":"Hermitage Coeur du Clos Domaine Cornulus"},{"@type":"BreadcrumbList","@id":"https:\/\/cornulus.ch\/de\/shop\/hermitage-coeur-du-clos\/#breadcrumb","itemListElement":[{"@type":"ListItem","position":1,"name":"Accueil","item":"https:\/\/cornulus.ch\/de\/startseite\/"},{"@type":"ListItem","position":2,"name":"Shop","item":"https:\/\/cornulus.ch\/de\/shop\/"},{"@type":"ListItem","position":3,"name":"Hermitage Coeur du&nbsp;Clos"}]},{"@type":"WebSite","@id":"https:\/\/cornulus.ch\/#website","url":"https:\/\/cornulus.ch\/","name":"Cornulus","description":"Reynard & Varone, Savi\u00e8se","publisher":{"@id":"https:\/\/cornulus.ch\/#organization"},"potentialAction":[{"@type":"SearchAction","target":{"@type":"EntryPoint","urlTemplate":"https:\/\/cornulus.ch\/?s={search_term_string}"},"query-input":{"@type":"PropertyValueSpecification","valueRequired":true,"valueName":"search_term_string"}}],"inLanguage":"de"},{"@type":"Organization","@id":"https:\/\/cornulus.ch\/#organization","name":"Domaine Cornulus SA","url":"https:\/\/cornulus.ch\/","logo":{"@type":"ImageObject","inLanguage":"de","@id":"https:\/\/cornulus.ch\/#\/schema\/logo\/image\/","url":"https:\/\/cornulus.ch\/wp-content\/uploads\/2021\/04\/logo_cornulus.png","contentUrl":"https:\/\/cornulus.ch\/wp-content\/uploads\/2021\/04\/logo_cornulus.png","width":638,"height":135,"caption":"Domaine Cornulus SA"},"image":{"@id":"https:\/\/cornulus.ch\/#\/schema\/logo\/image\/"},"sameAs":["https:\/\/www.facebook.com\/domainecornulus","https:\/\/www.instagram.com\/domainecornulus\/","https:\/\/www.youtube.com\/channel\/UCOXcunJIpWxd5ZBHlMuaRXA"]}]}},"_links":{"self":[{"href":"https:\/\/cornulus.ch\/de\/wp-json\/wp\/v2\/product\/5092","targetHints":{"allow":["GET"]}}],"collection":[{"href":"https:\/\/cornulus.ch\/de\/wp-json\/wp\/v2\/product"}],"about":[{"href":"https:\/\/cornulus.ch\/de\/wp-json\/wp\/v2\/types\/product"}],"version-history":[{"count":6,"href":"https:\/\/cornulus.ch\/de\/wp-json\/wp\/v2\/product\/5092\/revisions"}],"predecessor-version":[{"id":13174,"href":"https:\/\/cornulus.ch\/de\/wp-json\/wp\/v2\/product\/5092\/revisions\/13174"}],"wp:featuredmedia":[{"embeddable":true,"href":"https:\/\/cornulus.ch\/de\/wp-json\/wp\/v2\/media\/12536"}],"wp:attachment":[{"href":"https:\/\/cornulus.ch\/de\/wp-json\/wp\/v2\/media?parent=5092"}],"wp:term":[{"taxonomy":"product_brand","embeddable":true,"href":"https:\/\/cornulus.ch\/de\/wp-json\/wp\/v2\/product_brand?post=5092"},{"taxonomy":"product_cat","embeddable":true,"href":"https:\/\/cornulus.ch\/de\/wp-json\/wp\/v2\/product_cat?post=5092"},{"taxonomy":"product_tag","embeddable":true,"href":"https:\/\/cornulus.ch\/de\/wp-json\/wp\/v2\/product_tag?post=5092"}],"curies":[{"name":"wp","href":"https:\/\/api.w.org\/{rel}","templated":true}]}}