{"id":5067,"date":"2021-04-01T14:19:08","date_gmt":"2021-04-01T14:19:08","guid":{"rendered":"https:\/\/v2.cornulus.ch\/boutique\/pinot-noir-coeur-du-clos\/"},"modified":"2025-12-17T18:07:20","modified_gmt":"2025-12-17T17:07:20","slug":"pinot-noir-coeur-du-clos","status":"publish","type":"product","link":"https:\/\/cornulus.ch\/de\/shop\/pinot-noir-coeur-du-clos\/","title":{"rendered":"Pinot Noir C\u0153ur du&nbsp;Clos"},"content":{"rendered":"","protected":false},"excerpt":{"rendered":"<p>Die \u00e4ltes\u00adten Reben des Weinguts (90 Jahre) brin\u00adgen die\u00adsen au\u00dfer\u00adgew\u00f6hn\u00adli\u00adchen Wein her\u00advor. Er wird aus gan\u00adzen Trauben (50%) vini\u00adfi\u00adziert, um seine Struktur zu inten\u00adsi\u00advie\u00adren und seine Alterungsf\u00e4higkeit zu ver\u00adbes\u00adsern. 18 Monate lang in neuen 500-Liter-F\u00e4ssern gereift. Aromen von schwar\u00adzen Fr\u00fcchten, Brombeeren, Heidelbeeren, Gew\u00fcrzen mit einer rau\u00adchi\u00adgen Note. Am Gaumen sei\u00addig, sam\u00adtig, mit edlen Tanninen.<\/p>\n<p>Pinot Noir AOC Valais | Flasche 75&nbsp;cl<\/p>\n<p><span style=\"color: #800000;\"><strong>aus\u00adver\u00adkauft<\/strong><\/span><\/p>\n<p>&nbsp;<\/p>\n<p><img decoding=\"async\" class=\"alignnone wp-image-13161\" src=\"https:\/\/cornulus.ch\/wp-content\/uploads\/2021\/04\/RP-300x160.png\" alt width=\"223\" height=\"119\" srcset=\"https:\/\/cornulus.ch\/wp-content\/uploads\/2021\/04\/RP-300x160.png 300w, https:\/\/cornulus.ch\/wp-content\/uploads\/2021\/04\/RP.png 600w\" sizes=\"(max-width: 223px) 100vw, 223px\"><\/p>\n<p>Pinot Noir Coeur du Clos 2022: <strong>RP 93<\/strong><\/p>\n<p>Kommentar Robert Parker (aus dem Englischen \u00fcbersetzt):<br>\n<em>Der <strong>Pinot Noir C\u0153ur du Clos 2022<\/strong> pr\u00e4\u00adsen\u00adtiert sich in einer trans\u00adpa\u00adren\u00adten, recht inten\u00adsi\u00adven rubin\u00adro\u00adten Farbe und \u00f6ff\u00adnet sich mit einem rei\u00adnen, raf\u00adfi\u00adnier\u00adten und ger\u00f6s\u00adte\u00adten Bouquet von Cassis, Brombeere, Pfeffer, Mokka und dunk\u00adler Eiche. Dieser Pinot Noir ist voll\u00admun\u00addig und sehr inten\u00adsiv am Gaumen, aber den\u00adnoch raf\u00adfi\u00adniert, mit einer sei\u00addi\u00adgen Textur, viel Substanz und einem lan\u00adgen, kom\u00adplexen und sal\u00adzi\u00adgen Abgang, in dem erneute Aromen von Cassis zum Vorschein kom\u00admen. Es ist ein beein\u00addru\u00adcken\u00adder Pinot Noir aus einem au\u00dfer\u00adgew\u00f6hn\u00adlich hei\u00dfen Jahrgang.<\/em><\/p>\n<p>&nbsp;<\/p>\n<p>&nbsp;<\/p>\n","protected":false},"featured_media":12541,"template":"","meta":{"wp_typography_post_enhancements_disabled":false,"site-sidebar-layout":"no-sidebar","site-content-layout":"page-builder","ast-site-content-layout":"full-width-container","site-content-style":"unboxed","site-sidebar-style":"unboxed","ast-global-header-display":"","ast-banner-title-visibility":"","ast-main-header-display":"","ast-hfb-above-header-display":"","ast-hfb-below-header-display":"","ast-hfb-mobile-header-display":"","site-post-title":"disabled","ast-breadcrumbs-content":"","ast-featured-img":"disabled","footer-sml-layout":"","theme-transparent-header-meta":"default","adv-header-id-meta":"","stick-header-meta":"default","header-above-stick-meta":"","header-main-stick-meta":"","header-below-stick-meta":"","astra-migrate-meta-layouts":"default","ast-page-background-enabled":"default","ast-page-background-meta":{"desktop":{"background-color":"var(--ast-global-color-4)","background-image":"","background-repeat":"repeat","background-position":"center center","background-size":"auto","background-attachment":"scroll","background-type":"","background-media":"","overlay-type":"","overlay-color":"","overlay-opacity":"","overlay-gradient":""},"tablet":{"background-color":"","background-image":"","background-repeat":"repeat","background-position":"center center","background-size":"auto","background-attachment":"scroll","background-type":"","background-media":"","overlay-type":"","overlay-color":"","overlay-opacity":"","overlay-gradient":""},"mobile":{"background-color":"","background-image":"","background-repeat":"repeat","background-position":"center center","background-size":"auto","background-attachment":"scroll","background-type":"","background-media":"","overlay-type":"","overlay-color":"","overlay-opacity":"","overlay-gradient":""}},"ast-content-background-meta":{"desktop":{"background-color":"var(--ast-global-color-5)","background-image":"","background-repeat":"repeat","background-position":"center center","background-size":"auto","background-attachment":"scroll","background-type":"","background-media":"","overlay-type":"","overlay-color":"","overlay-opacity":"","overlay-gradient":""},"tablet":{"background-color":"var(--ast-global-color-5)","background-image":"","background-repeat":"repeat","background-position":"center center","background-size":"auto","background-attachment":"scroll","background-type":"","background-media":"","overlay-type":"","overlay-color":"","overlay-opacity":"","overlay-gradient":""},"mobile":{"background-color":"var(--ast-global-color-5)","background-image":"","background-repeat":"repeat","background-position":"center center","background-size":"auto","background-attachment":"scroll","background-type":"","background-media":"","overlay-type":"","overlay-color":"","overlay-opacity":"","overlay-gradient":""}}},"product_brand":[],"product_cat":[65],"product_tag":[],"class_list":{"0":"post-5067","1":"product","2":"type-product","3":"status-publish","4":"has-post-thumbnail","6":"product_cat-clos-des-corbassieres-de","7":"desktop-align-left","8":"tablet-align-left","9":"mobile-align-left","11":"first","12":"instock","13":"shipping-taxable","14":"product-type-simple"},"yoast_head":"<!-- This site is optimized with the Yoast SEO plugin v27.3 - https:\/\/yoast.com\/product\/yoast-seo-wordpress\/ -->\n<title>Pinot Noir C\u0153ur du Clos - Cornulus<\/title>\n<meta name=\"robots\" content=\"index, follow, max-snippet:-1, max-image-preview:large, max-video-preview:-1\" \/>\n<link rel=\"canonical\" href=\"https:\/\/cornulus.ch\/de\/shop\/pinot-noir-coeur-du-clos\/\" \/>\n<meta property=\"og:locale\" content=\"de_DE\" \/>\n<meta property=\"og:type\" content=\"article\" \/>\n<meta property=\"og:title\" content=\"Pinot Noir C\u0153ur du Clos - Cornulus\" \/>\n<meta property=\"og:description\" content=\"Die \u00e4ltesten Reben des Weinguts (90 Jahre) bringen diesen au\u00dfergew\u00f6hnlichen Wein hervor. Er wird aus ganzen Trauben (50%) vinifiziert, um seine Struktur zu intensivieren und seine Alterungsf\u00e4higkeit zu verbessern. 18 Monate lang in neuen 500-Liter-F\u00e4ssern gereift. Aromen von schwarzen Fr\u00fcchten, Brombeeren, Heidelbeeren, Gew\u00fcrzen mit einer rauchigen Note. Am Gaumen seidig, samtig, mit edlen Tanninen. Pinot Noir AOC Valais | Flasche 75 cl ausverkauft &nbsp;  Pinot Noir Coeur du Clos 2022: RP 93 Kommentar Robert Parker (aus dem Englischen \u00fcbersetzt): Der Pinot Noir C\u0153ur du Clos 2022 pr\u00e4sentiert sich in einer transparenten, recht intensiven rubinroten Farbe und \u00f6ffnet sich mit einem reinen, raffinierten und ger\u00f6steten Bouquet von Cassis, Brombeere, Pfeffer, Mokka und dunkler Eiche. Dieser Pinot Noir ist vollmundig und sehr intensiv am Gaumen, aber dennoch raffiniert, mit einer seidigen Textur, viel Substanz und einem langen, komplexen und salzigen Abgang, in dem erneute Aromen von Cassis zum Vorschein kommen. Es ist ein beeindruckender Pinot Noir aus einem au\u00dfergew\u00f6hnlich hei\u00dfen Jahrgang. &nbsp; &nbsp;\" \/>\n<meta property=\"og:url\" content=\"https:\/\/cornulus.ch\/de\/shop\/pinot-noir-coeur-du-clos\/\" \/>\n<meta property=\"og:site_name\" content=\"Cornulus\" \/>\n<meta property=\"article:publisher\" content=\"https:\/\/www.facebook.com\/domainecornulus\" \/>\n<meta property=\"article:modified_time\" content=\"2025-12-17T17:07:20+00:00\" \/>\n<meta property=\"og:image\" content=\"https:\/\/cornulus.ch\/wp-content\/uploads\/2021\/04\/Clos_Corbassieres_Pinot-Noir-1-scaled.jpg\" \/>\n\t<meta property=\"og:image:width\" content=\"1393\" \/>\n\t<meta property=\"og:image:height\" content=\"2560\" \/>\n\t<meta property=\"og:image:type\" content=\"image\/jpeg\" \/>\n<meta name=\"twitter:card\" content=\"summary_large_image\" \/>\n<script type=\"application\/ld+json\" class=\"yoast-schema-graph\">{\"@context\":\"https:\\\/\\\/schema.org\",\"@graph\":[{\"@type\":\"WebPage\",\"@id\":\"https:\\\/\\\/cornulus.ch\\\/de\\\/shop\\\/pinot-noir-coeur-du-clos\\\/\",\"url\":\"https:\\\/\\\/cornulus.ch\\\/de\\\/shop\\\/pinot-noir-coeur-du-clos\\\/\",\"name\":\"Pinot Noir C\u0153ur du Clos - Cornulus\",\"isPartOf\":{\"@id\":\"https:\\\/\\\/cornulus.ch\\\/#website\"},\"primaryImageOfPage\":{\"@id\":\"https:\\\/\\\/cornulus.ch\\\/de\\\/shop\\\/pinot-noir-coeur-du-clos\\\/#primaryimage\"},\"image\":{\"@id\":\"https:\\\/\\\/cornulus.ch\\\/de\\\/shop\\\/pinot-noir-coeur-du-clos\\\/#primaryimage\"},\"thumbnailUrl\":\"https:\\\/\\\/cornulus.ch\\\/wp-content\\\/uploads\\\/2021\\\/04\\\/Clos_Corbassieres_Pinot-Noir-1-scaled.jpg\",\"datePublished\":\"2021-04-01T14:19:08+00:00\",\"dateModified\":\"2025-12-17T17:07:20+00:00\",\"breadcrumb\":{\"@id\":\"https:\\\/\\\/cornulus.ch\\\/de\\\/shop\\\/pinot-noir-coeur-du-clos\\\/#breadcrumb\"},\"inLanguage\":\"de\",\"potentialAction\":[{\"@type\":\"ReadAction\",\"target\":[\"https:\\\/\\\/cornulus.ch\\\/de\\\/shop\\\/pinot-noir-coeur-du-clos\\\/\"]}]},{\"@type\":\"ImageObject\",\"inLanguage\":\"de\",\"@id\":\"https:\\\/\\\/cornulus.ch\\\/de\\\/shop\\\/pinot-noir-coeur-du-clos\\\/#primaryimage\",\"url\":\"https:\\\/\\\/cornulus.ch\\\/wp-content\\\/uploads\\\/2021\\\/04\\\/Clos_Corbassieres_Pinot-Noir-1-scaled.jpg\",\"contentUrl\":\"https:\\\/\\\/cornulus.ch\\\/wp-content\\\/uploads\\\/2021\\\/04\\\/Clos_Corbassieres_Pinot-Noir-1-scaled.jpg\",\"width\":1393,\"height\":2560,\"caption\":\"Pinot Noir Domaine Cornulus\"},{\"@type\":\"BreadcrumbList\",\"@id\":\"https:\\\/\\\/cornulus.ch\\\/de\\\/shop\\\/pinot-noir-coeur-du-clos\\\/#breadcrumb\",\"itemListElement\":[{\"@type\":\"ListItem\",\"position\":1,\"name\":\"Accueil\",\"item\":\"https:\\\/\\\/cornulus.ch\\\/de\\\/startseite\\\/\"},{\"@type\":\"ListItem\",\"position\":2,\"name\":\"Shop\",\"item\":\"https:\\\/\\\/cornulus.ch\\\/de\\\/shop\\\/\"},{\"@type\":\"ListItem\",\"position\":3,\"name\":\"Pinot Noir C\u0153ur du&nbsp;Clos\"}]},{\"@type\":\"WebSite\",\"@id\":\"https:\\\/\\\/cornulus.ch\\\/#website\",\"url\":\"https:\\\/\\\/cornulus.ch\\\/\",\"name\":\"Cornulus\",\"description\":\"Reynard & Varone, Savi\u00e8se\",\"publisher\":{\"@id\":\"https:\\\/\\\/cornulus.ch\\\/#organization\"},\"potentialAction\":[{\"@type\":\"SearchAction\",\"target\":{\"@type\":\"EntryPoint\",\"urlTemplate\":\"https:\\\/\\\/cornulus.ch\\\/?s={search_term_string}\"},\"query-input\":{\"@type\":\"PropertyValueSpecification\",\"valueRequired\":true,\"valueName\":\"search_term_string\"}}],\"inLanguage\":\"de\"},{\"@type\":\"Organization\",\"@id\":\"https:\\\/\\\/cornulus.ch\\\/#organization\",\"name\":\"Domaine Cornulus SA\",\"url\":\"https:\\\/\\\/cornulus.ch\\\/\",\"logo\":{\"@type\":\"ImageObject\",\"inLanguage\":\"de\",\"@id\":\"https:\\\/\\\/cornulus.ch\\\/#\\\/schema\\\/logo\\\/image\\\/\",\"url\":\"https:\\\/\\\/cornulus.ch\\\/wp-content\\\/uploads\\\/2021\\\/04\\\/logo_cornulus.png\",\"contentUrl\":\"https:\\\/\\\/cornulus.ch\\\/wp-content\\\/uploads\\\/2021\\\/04\\\/logo_cornulus.png\",\"width\":638,\"height\":135,\"caption\":\"Domaine Cornulus SA\"},\"image\":{\"@id\":\"https:\\\/\\\/cornulus.ch\\\/#\\\/schema\\\/logo\\\/image\\\/\"},\"sameAs\":[\"https:\\\/\\\/www.facebook.com\\\/domainecornulus\",\"https:\\\/\\\/www.instagram.com\\\/domainecornulus\\\/\",\"https:\\\/\\\/www.youtube.com\\\/channel\\\/UCOXcunJIpWxd5ZBHlMuaRXA\"]}]}<\/script>\n<!-- \/ Yoast SEO plugin. -->","yoast_head_json":{"title":"Pinot Noir C\u0153ur du Clos - Cornulus","robots":{"index":"index","follow":"follow","max-snippet":"max-snippet:-1","max-image-preview":"max-image-preview:large","max-video-preview":"max-video-preview:-1"},"canonical":"https:\/\/cornulus.ch\/de\/shop\/pinot-noir-coeur-du-clos\/","og_locale":"de_DE","og_type":"article","og_title":"Pinot Noir C\u0153ur du Clos - Cornulus","og_description":"Die \u00e4ltesten Reben des Weinguts (90 Jahre) bringen diesen au\u00dfergew\u00f6hnlichen Wein hervor. Er wird aus ganzen Trauben (50%) vinifiziert, um seine Struktur zu intensivieren und seine Alterungsf\u00e4higkeit zu verbessern. 18 Monate lang in neuen 500-Liter-F\u00e4ssern gereift. Aromen von schwarzen Fr\u00fcchten, Brombeeren, Heidelbeeren, Gew\u00fcrzen mit einer rauchigen Note. Am Gaumen seidig, samtig, mit edlen Tanninen. Pinot Noir AOC Valais | Flasche 75 cl ausverkauft &nbsp;  Pinot Noir Coeur du Clos 2022: RP 93 Kommentar Robert Parker (aus dem Englischen \u00fcbersetzt): Der Pinot Noir C\u0153ur du Clos 2022 pr\u00e4sentiert sich in einer transparenten, recht intensiven rubinroten Farbe und \u00f6ffnet sich mit einem reinen, raffinierten und ger\u00f6steten Bouquet von Cassis, Brombeere, Pfeffer, Mokka und dunkler Eiche. Dieser Pinot Noir ist vollmundig und sehr intensiv am Gaumen, aber dennoch raffiniert, mit einer seidigen Textur, viel Substanz und einem langen, komplexen und salzigen Abgang, in dem erneute Aromen von Cassis zum Vorschein kommen. Es ist ein beeindruckender Pinot Noir aus einem au\u00dfergew\u00f6hnlich hei\u00dfen Jahrgang. &nbsp; &nbsp;","og_url":"https:\/\/cornulus.ch\/de\/shop\/pinot-noir-coeur-du-clos\/","og_site_name":"Cornulus","article_publisher":"https:\/\/www.facebook.com\/domainecornulus","article_modified_time":"2025-12-17T17:07:20+00:00","og_image":[{"width":1393,"height":2560,"url":"https:\/\/cornulus.ch\/wp-content\/uploads\/2021\/04\/Clos_Corbassieres_Pinot-Noir-1-scaled.jpg","type":"image\/jpeg"}],"twitter_card":"summary_large_image","schema":{"@context":"https:\/\/schema.org","@graph":[{"@type":"WebPage","@id":"https:\/\/cornulus.ch\/de\/shop\/pinot-noir-coeur-du-clos\/","url":"https:\/\/cornulus.ch\/de\/shop\/pinot-noir-coeur-du-clos\/","name":"Pinot Noir C\u0153ur du Clos - Cornulus","isPartOf":{"@id":"https:\/\/cornulus.ch\/#website"},"primaryImageOfPage":{"@id":"https:\/\/cornulus.ch\/de\/shop\/pinot-noir-coeur-du-clos\/#primaryimage"},"image":{"@id":"https:\/\/cornulus.ch\/de\/shop\/pinot-noir-coeur-du-clos\/#primaryimage"},"thumbnailUrl":"https:\/\/cornulus.ch\/wp-content\/uploads\/2021\/04\/Clos_Corbassieres_Pinot-Noir-1-scaled.jpg","datePublished":"2021-04-01T14:19:08+00:00","dateModified":"2025-12-17T17:07:20+00:00","breadcrumb":{"@id":"https:\/\/cornulus.ch\/de\/shop\/pinot-noir-coeur-du-clos\/#breadcrumb"},"inLanguage":"de","potentialAction":[{"@type":"ReadAction","target":["https:\/\/cornulus.ch\/de\/shop\/pinot-noir-coeur-du-clos\/"]}]},{"@type":"ImageObject","inLanguage":"de","@id":"https:\/\/cornulus.ch\/de\/shop\/pinot-noir-coeur-du-clos\/#primaryimage","url":"https:\/\/cornulus.ch\/wp-content\/uploads\/2021\/04\/Clos_Corbassieres_Pinot-Noir-1-scaled.jpg","contentUrl":"https:\/\/cornulus.ch\/wp-content\/uploads\/2021\/04\/Clos_Corbassieres_Pinot-Noir-1-scaled.jpg","width":1393,"height":2560,"caption":"Pinot Noir Domaine Cornulus"},{"@type":"BreadcrumbList","@id":"https:\/\/cornulus.ch\/de\/shop\/pinot-noir-coeur-du-clos\/#breadcrumb","itemListElement":[{"@type":"ListItem","position":1,"name":"Accueil","item":"https:\/\/cornulus.ch\/de\/startseite\/"},{"@type":"ListItem","position":2,"name":"Shop","item":"https:\/\/cornulus.ch\/de\/shop\/"},{"@type":"ListItem","position":3,"name":"Pinot Noir C\u0153ur du&nbsp;Clos"}]},{"@type":"WebSite","@id":"https:\/\/cornulus.ch\/#website","url":"https:\/\/cornulus.ch\/","name":"Cornulus","description":"Reynard & Varone, Savi\u00e8se","publisher":{"@id":"https:\/\/cornulus.ch\/#organization"},"potentialAction":[{"@type":"SearchAction","target":{"@type":"EntryPoint","urlTemplate":"https:\/\/cornulus.ch\/?s={search_term_string}"},"query-input":{"@type":"PropertyValueSpecification","valueRequired":true,"valueName":"search_term_string"}}],"inLanguage":"de"},{"@type":"Organization","@id":"https:\/\/cornulus.ch\/#organization","name":"Domaine Cornulus SA","url":"https:\/\/cornulus.ch\/","logo":{"@type":"ImageObject","inLanguage":"de","@id":"https:\/\/cornulus.ch\/#\/schema\/logo\/image\/","url":"https:\/\/cornulus.ch\/wp-content\/uploads\/2021\/04\/logo_cornulus.png","contentUrl":"https:\/\/cornulus.ch\/wp-content\/uploads\/2021\/04\/logo_cornulus.png","width":638,"height":135,"caption":"Domaine Cornulus SA"},"image":{"@id":"https:\/\/cornulus.ch\/#\/schema\/logo\/image\/"},"sameAs":["https:\/\/www.facebook.com\/domainecornulus","https:\/\/www.instagram.com\/domainecornulus\/","https:\/\/www.youtube.com\/channel\/UCOXcunJIpWxd5ZBHlMuaRXA"]}]}},"_links":{"self":[{"href":"https:\/\/cornulus.ch\/de\/wp-json\/wp\/v2\/product\/5067","targetHints":{"allow":["GET"]}}],"collection":[{"href":"https:\/\/cornulus.ch\/de\/wp-json\/wp\/v2\/product"}],"about":[{"href":"https:\/\/cornulus.ch\/de\/wp-json\/wp\/v2\/types\/product"}],"version-history":[{"count":4,"href":"https:\/\/cornulus.ch\/de\/wp-json\/wp\/v2\/product\/5067\/revisions"}],"predecessor-version":[{"id":13925,"href":"https:\/\/cornulus.ch\/de\/wp-json\/wp\/v2\/product\/5067\/revisions\/13925"}],"wp:featuredmedia":[{"embeddable":true,"href":"https:\/\/cornulus.ch\/de\/wp-json\/wp\/v2\/media\/12541"}],"wp:attachment":[{"href":"https:\/\/cornulus.ch\/de\/wp-json\/wp\/v2\/media?parent=5067"}],"wp:term":[{"taxonomy":"product_brand","embeddable":true,"href":"https:\/\/cornulus.ch\/de\/wp-json\/wp\/v2\/product_brand?post=5067"},{"taxonomy":"product_cat","embeddable":true,"href":"https:\/\/cornulus.ch\/de\/wp-json\/wp\/v2\/product_cat?post=5067"},{"taxonomy":"product_tag","embeddable":true,"href":"https:\/\/cornulus.ch\/de\/wp-json\/wp\/v2\/product_tag?post=5067"}],"curies":[{"name":"wp","href":"https:\/\/api.w.org\/{rel}","templated":true}]}}