{"id":5060,"date":"2021-04-01T14:19:33","date_gmt":"2021-04-01T12:19:33","guid":{"rendered":"https:\/\/v2.cornulus.ch\/boutique\/uvrier-ville-de-sion\/"},"modified":"2025-11-12T15:25:29","modified_gmt":"2025-11-12T14:25:29","slug":"uvrier-ville-de-sion","status":"publish","type":"product","link":"https:\/\/cornulus.ch\/de\/shop\/uvrier-ville-de-sion\/","title":{"rendered":"Uvrier Ville de&nbsp;Sion"},"content":{"rendered":"","protected":false},"excerpt":{"rendered":"<p><span style=\"font-weight: 400;\">Ce ter\u00adroir, situ\u00e9 \u00e0 l\u2019est de la ville de Sion, est r\u00e9pu\u00adt\u00e9 pour la qua\u00adli\u00adt\u00e9 de ses vins blancs aux\u00adquels il donne un carac\u00adt\u00e8re min\u00e9\u00adral mar\u00adqu\u00e9. Un clas\u00adsique du domaine, rac\u00e9 et char\u00adpen\u00adt\u00e9, notes de pierre \u00e0 fusil carac\u00adt\u00e9\u00adris\u00adtiques. Compagnon id\u00e9al des mets au fromage.&nbsp;<\/span><\/p>\n<p>Chasselas AOC Valais | 75 cl Flasche<\/p>\n<p><span style=\"color: #993300;\"><strong>aus\u00adver\u00adkauft<\/strong><\/span><\/p>\n","protected":false},"featured_media":12003,"template":"","meta":{"wp_typography_post_enhancements_disabled":false,"site-sidebar-layout":"default","site-content-layout":"default","ast-site-content-layout":"default","site-content-style":"default","site-sidebar-style":"default","ast-global-header-display":"","ast-banner-title-visibility":"","ast-main-header-display":"","ast-hfb-above-header-display":"","ast-hfb-below-header-display":"","ast-hfb-mobile-header-display":"","site-post-title":"","ast-breadcrumbs-content":"","ast-featured-img":"","footer-sml-layout":"","theme-transparent-header-meta":"default","adv-header-id-meta":"","stick-header-meta":"default","header-above-stick-meta":"","header-main-stick-meta":"","header-below-stick-meta":"","astra-migrate-meta-layouts":"default","ast-page-background-enabled":"default","ast-page-background-meta":{"desktop":{"background-color":"var(--ast-global-color-4)","background-image":"","background-repeat":"repeat","background-position":"center center","background-size":"auto","background-attachment":"scroll","background-type":"","background-media":"","overlay-type":"","overlay-color":"","overlay-opacity":"","overlay-gradient":""},"tablet":{"background-color":"","background-image":"","background-repeat":"repeat","background-position":"center center","background-size":"auto","background-attachment":"scroll","background-type":"","background-media":"","overlay-type":"","overlay-color":"","overlay-opacity":"","overlay-gradient":""},"mobile":{"background-color":"","background-image":"","background-repeat":"repeat","background-position":"center center","background-size":"auto","background-attachment":"scroll","background-type":"","background-media":"","overlay-type":"","overlay-color":"","overlay-opacity":"","overlay-gradient":""}},"ast-content-background-meta":{"desktop":{"background-color":"var(--ast-global-color-5)","background-image":"","background-repeat":"repeat","background-position":"center center","background-size":"auto","background-attachment":"scroll","background-type":"","background-media":"","overlay-type":"","overlay-color":"","overlay-opacity":"","overlay-gradient":""},"tablet":{"background-color":"var(--ast-global-color-5)","background-image":"","background-repeat":"repeat","background-position":"center center","background-size":"auto","background-attachment":"scroll","background-type":"","background-media":"","overlay-type":"","overlay-color":"","overlay-opacity":"","overlay-gradient":""},"mobile":{"background-color":"var(--ast-global-color-5)","background-image":"","background-repeat":"repeat","background-position":"center center","background-size":"auto","background-attachment":"scroll","background-type":"","background-media":"","overlay-type":"","overlay-color":"","overlay-opacity":"","overlay-gradient":""}}},"product_brand":[],"product_cat":[63],"product_tag":[],"class_list":{"0":"post-5060","1":"product","2":"type-product","3":"status-publish","4":"has-post-thumbnail","6":"product_cat-blancs-et-roses-terre-calcaire-de","7":"desktop-align-left","8":"tablet-align-left","9":"mobile-align-left","11":"first","12":"instock","13":"shipping-taxable","14":"product-type-simple"},"yoast_head":"<!-- This site is optimized with the Yoast SEO plugin v27.3 - https:\/\/yoast.com\/product\/yoast-seo-wordpress\/ -->\n<title>Uvrier Ville de Sion - Cornulus<\/title>\n<meta name=\"robots\" content=\"index, follow, max-snippet:-1, max-image-preview:large, max-video-preview:-1\" \/>\n<link rel=\"canonical\" href=\"https:\/\/cornulus.ch\/de\/shop\/uvrier-ville-de-sion\/\" \/>\n<meta property=\"og:locale\" content=\"de_DE\" \/>\n<meta property=\"og:type\" content=\"article\" \/>\n<meta property=\"og:title\" content=\"Uvrier Ville de Sion - Cornulus\" \/>\n<meta property=\"og:description\" content=\"Ce terroir, situ\u00e9 \u00e0 l\u2019est de la ville de Sion, est r\u00e9put\u00e9 pour la qualit\u00e9 de ses vins blancs auxquels il donne un caract\u00e8re min\u00e9ral marqu\u00e9. Un classique du domaine, rac\u00e9 et charpent\u00e9, notes de pierre \u00e0 fusil caract\u00e9ristiques. Compagnon id\u00e9al des mets au fromage.  Chasselas AOC Valais | 75 cl Flasche ausverkauft\" \/>\n<meta property=\"og:url\" content=\"https:\/\/cornulus.ch\/de\/shop\/uvrier-ville-de-sion\/\" \/>\n<meta property=\"og:site_name\" content=\"Cornulus\" \/>\n<meta property=\"article:publisher\" content=\"https:\/\/www.facebook.com\/domainecornulus\" \/>\n<meta property=\"article:modified_time\" content=\"2025-11-12T14:25:29+00:00\" \/>\n<meta property=\"og:image\" content=\"https:\/\/cornulus.ch\/wp-content\/uploads\/2024\/10\/Uvrier-clair-scaled.jpg\" \/>\n\t<meta property=\"og:image:width\" content=\"1704\" \/>\n\t<meta property=\"og:image:height\" content=\"2560\" \/>\n\t<meta property=\"og:image:type\" content=\"image\/jpeg\" \/>\n<meta name=\"twitter:card\" content=\"summary_large_image\" \/>\n<script type=\"application\/ld+json\" class=\"yoast-schema-graph\">{\"@context\":\"https:\\\/\\\/schema.org\",\"@graph\":[{\"@type\":\"WebPage\",\"@id\":\"https:\\\/\\\/cornulus.ch\\\/de\\\/shop\\\/uvrier-ville-de-sion\\\/\",\"url\":\"https:\\\/\\\/cornulus.ch\\\/de\\\/shop\\\/uvrier-ville-de-sion\\\/\",\"name\":\"Uvrier Ville de Sion - Cornulus\",\"isPartOf\":{\"@id\":\"https:\\\/\\\/cornulus.ch\\\/#website\"},\"primaryImageOfPage\":{\"@id\":\"https:\\\/\\\/cornulus.ch\\\/de\\\/shop\\\/uvrier-ville-de-sion\\\/#primaryimage\"},\"image\":{\"@id\":\"https:\\\/\\\/cornulus.ch\\\/de\\\/shop\\\/uvrier-ville-de-sion\\\/#primaryimage\"},\"thumbnailUrl\":\"https:\\\/\\\/cornulus.ch\\\/wp-content\\\/uploads\\\/2024\\\/10\\\/Uvrier-clair-scaled.jpg\",\"datePublished\":\"2021-04-01T12:19:33+00:00\",\"dateModified\":\"2025-11-12T14:25:29+00:00\",\"breadcrumb\":{\"@id\":\"https:\\\/\\\/cornulus.ch\\\/de\\\/shop\\\/uvrier-ville-de-sion\\\/#breadcrumb\"},\"inLanguage\":\"de\",\"potentialAction\":[{\"@type\":\"ReadAction\",\"target\":[\"https:\\\/\\\/cornulus.ch\\\/de\\\/shop\\\/uvrier-ville-de-sion\\\/\"]}]},{\"@type\":\"ImageObject\",\"inLanguage\":\"de\",\"@id\":\"https:\\\/\\\/cornulus.ch\\\/de\\\/shop\\\/uvrier-ville-de-sion\\\/#primaryimage\",\"url\":\"https:\\\/\\\/cornulus.ch\\\/wp-content\\\/uploads\\\/2024\\\/10\\\/Uvrier-clair-scaled.jpg\",\"contentUrl\":\"https:\\\/\\\/cornulus.ch\\\/wp-content\\\/uploads\\\/2024\\\/10\\\/Uvrier-clair-scaled.jpg\",\"width\":1704,\"height\":2560},{\"@type\":\"BreadcrumbList\",\"@id\":\"https:\\\/\\\/cornulus.ch\\\/de\\\/shop\\\/uvrier-ville-de-sion\\\/#breadcrumb\",\"itemListElement\":[{\"@type\":\"ListItem\",\"position\":1,\"name\":\"Accueil\",\"item\":\"https:\\\/\\\/cornulus.ch\\\/de\\\/startseite\\\/\"},{\"@type\":\"ListItem\",\"position\":2,\"name\":\"Shop\",\"item\":\"https:\\\/\\\/cornulus.ch\\\/de\\\/shop\\\/\"},{\"@type\":\"ListItem\",\"position\":3,\"name\":\"Uvrier Ville de&nbsp;Sion\"}]},{\"@type\":\"WebSite\",\"@id\":\"https:\\\/\\\/cornulus.ch\\\/#website\",\"url\":\"https:\\\/\\\/cornulus.ch\\\/\",\"name\":\"Cornulus\",\"description\":\"Reynard & Varone, Savi\u00e8se\",\"publisher\":{\"@id\":\"https:\\\/\\\/cornulus.ch\\\/#organization\"},\"potentialAction\":[{\"@type\":\"SearchAction\",\"target\":{\"@type\":\"EntryPoint\",\"urlTemplate\":\"https:\\\/\\\/cornulus.ch\\\/?s={search_term_string}\"},\"query-input\":{\"@type\":\"PropertyValueSpecification\",\"valueRequired\":true,\"valueName\":\"search_term_string\"}}],\"inLanguage\":\"de\"},{\"@type\":\"Organization\",\"@id\":\"https:\\\/\\\/cornulus.ch\\\/#organization\",\"name\":\"Domaine Cornulus SA\",\"url\":\"https:\\\/\\\/cornulus.ch\\\/\",\"logo\":{\"@type\":\"ImageObject\",\"inLanguage\":\"de\",\"@id\":\"https:\\\/\\\/cornulus.ch\\\/#\\\/schema\\\/logo\\\/image\\\/\",\"url\":\"https:\\\/\\\/cornulus.ch\\\/wp-content\\\/uploads\\\/2021\\\/04\\\/logo_cornulus.png\",\"contentUrl\":\"https:\\\/\\\/cornulus.ch\\\/wp-content\\\/uploads\\\/2021\\\/04\\\/logo_cornulus.png\",\"width\":638,\"height\":135,\"caption\":\"Domaine Cornulus SA\"},\"image\":{\"@id\":\"https:\\\/\\\/cornulus.ch\\\/#\\\/schema\\\/logo\\\/image\\\/\"},\"sameAs\":[\"https:\\\/\\\/www.facebook.com\\\/domainecornulus\",\"https:\\\/\\\/www.instagram.com\\\/domainecornulus\\\/\",\"https:\\\/\\\/www.youtube.com\\\/channel\\\/UCOXcunJIpWxd5ZBHlMuaRXA\"]}]}<\/script>\n<!-- \/ Yoast SEO plugin. -->","yoast_head_json":{"title":"Uvrier Ville de Sion - Cornulus","robots":{"index":"index","follow":"follow","max-snippet":"max-snippet:-1","max-image-preview":"max-image-preview:large","max-video-preview":"max-video-preview:-1"},"canonical":"https:\/\/cornulus.ch\/de\/shop\/uvrier-ville-de-sion\/","og_locale":"de_DE","og_type":"article","og_title":"Uvrier Ville de Sion - Cornulus","og_description":"Ce terroir, situ\u00e9 \u00e0 l\u2019est de la ville de Sion, est r\u00e9put\u00e9 pour la qualit\u00e9 de ses vins blancs auxquels il donne un caract\u00e8re min\u00e9ral marqu\u00e9. Un classique du domaine, rac\u00e9 et charpent\u00e9, notes de pierre \u00e0 fusil caract\u00e9ristiques. Compagnon id\u00e9al des mets au fromage.  Chasselas AOC Valais | 75 cl Flasche ausverkauft","og_url":"https:\/\/cornulus.ch\/de\/shop\/uvrier-ville-de-sion\/","og_site_name":"Cornulus","article_publisher":"https:\/\/www.facebook.com\/domainecornulus","article_modified_time":"2025-11-12T14:25:29+00:00","og_image":[{"width":1704,"height":2560,"url":"https:\/\/cornulus.ch\/wp-content\/uploads\/2024\/10\/Uvrier-clair-scaled.jpg","type":"image\/jpeg"}],"twitter_card":"summary_large_image","schema":{"@context":"https:\/\/schema.org","@graph":[{"@type":"WebPage","@id":"https:\/\/cornulus.ch\/de\/shop\/uvrier-ville-de-sion\/","url":"https:\/\/cornulus.ch\/de\/shop\/uvrier-ville-de-sion\/","name":"Uvrier Ville de Sion - Cornulus","isPartOf":{"@id":"https:\/\/cornulus.ch\/#website"},"primaryImageOfPage":{"@id":"https:\/\/cornulus.ch\/de\/shop\/uvrier-ville-de-sion\/#primaryimage"},"image":{"@id":"https:\/\/cornulus.ch\/de\/shop\/uvrier-ville-de-sion\/#primaryimage"},"thumbnailUrl":"https:\/\/cornulus.ch\/wp-content\/uploads\/2024\/10\/Uvrier-clair-scaled.jpg","datePublished":"2021-04-01T12:19:33+00:00","dateModified":"2025-11-12T14:25:29+00:00","breadcrumb":{"@id":"https:\/\/cornulus.ch\/de\/shop\/uvrier-ville-de-sion\/#breadcrumb"},"inLanguage":"de","potentialAction":[{"@type":"ReadAction","target":["https:\/\/cornulus.ch\/de\/shop\/uvrier-ville-de-sion\/"]}]},{"@type":"ImageObject","inLanguage":"de","@id":"https:\/\/cornulus.ch\/de\/shop\/uvrier-ville-de-sion\/#primaryimage","url":"https:\/\/cornulus.ch\/wp-content\/uploads\/2024\/10\/Uvrier-clair-scaled.jpg","contentUrl":"https:\/\/cornulus.ch\/wp-content\/uploads\/2024\/10\/Uvrier-clair-scaled.jpg","width":1704,"height":2560},{"@type":"BreadcrumbList","@id":"https:\/\/cornulus.ch\/de\/shop\/uvrier-ville-de-sion\/#breadcrumb","itemListElement":[{"@type":"ListItem","position":1,"name":"Accueil","item":"https:\/\/cornulus.ch\/de\/startseite\/"},{"@type":"ListItem","position":2,"name":"Shop","item":"https:\/\/cornulus.ch\/de\/shop\/"},{"@type":"ListItem","position":3,"name":"Uvrier Ville de&nbsp;Sion"}]},{"@type":"WebSite","@id":"https:\/\/cornulus.ch\/#website","url":"https:\/\/cornulus.ch\/","name":"Cornulus","description":"Reynard & Varone, Savi\u00e8se","publisher":{"@id":"https:\/\/cornulus.ch\/#organization"},"potentialAction":[{"@type":"SearchAction","target":{"@type":"EntryPoint","urlTemplate":"https:\/\/cornulus.ch\/?s={search_term_string}"},"query-input":{"@type":"PropertyValueSpecification","valueRequired":true,"valueName":"search_term_string"}}],"inLanguage":"de"},{"@type":"Organization","@id":"https:\/\/cornulus.ch\/#organization","name":"Domaine Cornulus SA","url":"https:\/\/cornulus.ch\/","logo":{"@type":"ImageObject","inLanguage":"de","@id":"https:\/\/cornulus.ch\/#\/schema\/logo\/image\/","url":"https:\/\/cornulus.ch\/wp-content\/uploads\/2021\/04\/logo_cornulus.png","contentUrl":"https:\/\/cornulus.ch\/wp-content\/uploads\/2021\/04\/logo_cornulus.png","width":638,"height":135,"caption":"Domaine Cornulus SA"},"image":{"@id":"https:\/\/cornulus.ch\/#\/schema\/logo\/image\/"},"sameAs":["https:\/\/www.facebook.com\/domainecornulus","https:\/\/www.instagram.com\/domainecornulus\/","https:\/\/www.youtube.com\/channel\/UCOXcunJIpWxd5ZBHlMuaRXA"]}]}},"_links":{"self":[{"href":"https:\/\/cornulus.ch\/de\/wp-json\/wp\/v2\/product\/5060","targetHints":{"allow":["GET"]}}],"collection":[{"href":"https:\/\/cornulus.ch\/de\/wp-json\/wp\/v2\/product"}],"about":[{"href":"https:\/\/cornulus.ch\/de\/wp-json\/wp\/v2\/types\/product"}],"version-history":[{"count":4,"href":"https:\/\/cornulus.ch\/de\/wp-json\/wp\/v2\/product\/5060\/revisions"}],"predecessor-version":[{"id":13621,"href":"https:\/\/cornulus.ch\/de\/wp-json\/wp\/v2\/product\/5060\/revisions\/13621"}],"wp:featuredmedia":[{"embeddable":true,"href":"https:\/\/cornulus.ch\/de\/wp-json\/wp\/v2\/media\/12003"}],"wp:attachment":[{"href":"https:\/\/cornulus.ch\/de\/wp-json\/wp\/v2\/media?parent=5060"}],"wp:term":[{"taxonomy":"product_brand","embeddable":true,"href":"https:\/\/cornulus.ch\/de\/wp-json\/wp\/v2\/product_brand?post=5060"},{"taxonomy":"product_cat","embeddable":true,"href":"https:\/\/cornulus.ch\/de\/wp-json\/wp\/v2\/product_cat?post=5060"},{"taxonomy":"product_tag","embeddable":true,"href":"https:\/\/cornulus.ch\/de\/wp-json\/wp\/v2\/product_tag?post=5060"}],"curies":[{"name":"wp","href":"https:\/\/api.w.org\/{rel}","templated":true}]}}