{"id":5029,"date":"2021-04-18T19:56:10","date_gmt":"2021-04-18T19:56:10","guid":{"rendered":"https:\/\/v2.cornulus.ch\/boutique\/syrah-clos-des-monzuettes\/"},"modified":"2021-09-30T14:29:43","modified_gmt":"2021-09-30T12:29:43","slug":"syrah-clos-des-monzuettes","status":"publish","type":"product","link":"https:\/\/cornulus.ch\/de\/shop\/syrah-clos-des-monzuettes\/","title":{"rendered":"Syrah Clos des Monzuettes"},"content":{"rendered":"","protected":false},"excerpt":{"rendered":"<p>Unser Bio-Syrah reift f\u00fcr 10 Monate in der Amphore, dann 6 Monate im Fass. Lila Farbe mit vio\u00adlet\u00adten Schattierungen. W\u00fcrzige Noten, schwar\u00adzer Pfeffer, inten\u00adsive Aromen von schwar\u00adzen Fr\u00fcchten, Brombeeren und Veilchen. Dichter Abgang mit ras\u00adsi\u00adgen Tanninen. Dieser Wein hat ein gutes Alterungspotential.<\/p>\n<p>Mit dem Bio-Label DIE KNOSPE zertifiziert&nbsp;<img decoding=\"async\" class=\"alignnone wp-image-6757\" src=\"https:\/\/cornulus.ch\/wp-content\/uploads\/2021\/09\/Bio_suisse-300x242.jpg\" alt width=\"80\" height=\"66\"><\/p>\n","protected":false},"featured_media":4956,"template":"","meta":{"wp_typography_post_enhancements_disabled":false,"site-sidebar-layout":"default","site-content-layout":"default","ast-site-content-layout":"","site-content-style":"default","site-sidebar-style":"default","ast-global-header-display":"","ast-banner-title-visibility":"","ast-main-header-display":"","ast-hfb-above-header-display":"","ast-hfb-below-header-display":"","ast-hfb-mobile-header-display":"","site-post-title":"","ast-breadcrumbs-content":"","ast-featured-img":"","footer-sml-layout":"","theme-transparent-header-meta":"default","adv-header-id-meta":"","stick-header-meta":"default","header-above-stick-meta":"","header-main-stick-meta":"","header-below-stick-meta":"","astra-migrate-meta-layouts":"default","ast-page-background-enabled":"default","ast-page-background-meta":{"desktop":{"background-color":"var(--ast-global-color-4)","background-image":"","background-repeat":"repeat","background-position":"center center","background-size":"auto","background-attachment":"scroll","background-type":"","background-media":"","overlay-type":"","overlay-color":"","overlay-opacity":"","overlay-gradient":""},"tablet":{"background-color":"","background-image":"","background-repeat":"repeat","background-position":"center center","background-size":"auto","background-attachment":"scroll","background-type":"","background-media":"","overlay-type":"","overlay-color":"","overlay-opacity":"","overlay-gradient":""},"mobile":{"background-color":"","background-image":"","background-repeat":"repeat","background-position":"center center","background-size":"auto","background-attachment":"scroll","background-type":"","background-media":"","overlay-type":"","overlay-color":"","overlay-opacity":"","overlay-gradient":""}},"ast-content-background-meta":{"desktop":{"background-color":"var(--ast-global-color-5)","background-image":"","background-repeat":"repeat","background-position":"center center","background-size":"auto","background-attachment":"scroll","background-type":"","background-media":"","overlay-type":"","overlay-color":"","overlay-opacity":"","overlay-gradient":""},"tablet":{"background-color":"var(--ast-global-color-5)","background-image":"","background-repeat":"repeat","background-position":"center center","background-size":"auto","background-attachment":"scroll","background-type":"","background-media":"","overlay-type":"","overlay-color":"","overlay-opacity":"","overlay-gradient":""},"mobile":{"background-color":"var(--ast-global-color-5)","background-image":"","background-repeat":"repeat","background-position":"center center","background-size":"auto","background-attachment":"scroll","background-type":"","background-media":"","overlay-type":"","overlay-color":"","overlay-opacity":"","overlay-gradient":""}}},"product_brand":[],"product_cat":[66],"product_tag":[],"class_list":{"0":"post-5029","1":"product","2":"type-product","3":"status-publish","4":"has-post-thumbnail","6":"product_cat-clos-des-monzuettes-de","7":"desktop-align-left","8":"tablet-align-left","9":"mobile-align-left","11":"first","12":"outofstock","13":"shipping-taxable","14":"purchasable","15":"product-type-simple"},"yoast_head":"<!-- This site is optimized with the Yoast SEO plugin v27.3 - https:\/\/yoast.com\/product\/yoast-seo-wordpress\/ -->\n<title>Syrah Clos des Monzuettes - Cornulus<\/title>\n<meta name=\"robots\" content=\"index, follow, max-snippet:-1, max-image-preview:large, max-video-preview:-1\" \/>\n<link rel=\"canonical\" href=\"https:\/\/cornulus.ch\/de\/shop\/syrah-clos-des-monzuettes\/\" \/>\n<meta property=\"og:locale\" content=\"de_DE\" \/>\n<meta property=\"og:type\" content=\"article\" \/>\n<meta property=\"og:title\" content=\"Syrah Clos des Monzuettes - Cornulus\" \/>\n<meta property=\"og:description\" content=\"Unser Bio-Syrah reift f\u00fcr 10 Monate in der Amphore, dann 6 Monate im Fass. Lila Farbe mit violetten Schattierungen. W\u00fcrzige Noten, schwarzer Pfeffer, intensive Aromen von schwarzen Fr\u00fcchten, Brombeeren und Veilchen. Dichter Abgang mit rassigen Tanninen. Dieser Wein hat ein gutes Alterungspotential.  Mit dem Bio-Label DIE KNOSPE zertifiziert\" \/>\n<meta property=\"og:url\" content=\"https:\/\/cornulus.ch\/de\/shop\/syrah-clos-des-monzuettes\/\" \/>\n<meta property=\"og:site_name\" content=\"Cornulus\" \/>\n<meta property=\"article:publisher\" content=\"https:\/\/www.facebook.com\/domainecornulus\" \/>\n<meta property=\"article:modified_time\" content=\"2021-09-30T12:29:43+00:00\" \/>\n<meta property=\"og:image\" content=\"https:\/\/cornulus.ch\/wp-content\/uploads\/2021\/04\/Clos-des-Monzuettes_Syrah.png\" \/>\n\t<meta property=\"og:image:width\" content=\"600\" \/>\n\t<meta property=\"og:image:height\" content=\"800\" \/>\n\t<meta property=\"og:image:type\" content=\"image\/png\" \/>\n<meta name=\"twitter:card\" content=\"summary_large_image\" \/>\n<script type=\"application\/ld+json\" class=\"yoast-schema-graph\">{\"@context\":\"https:\\\/\\\/schema.org\",\"@graph\":[{\"@type\":\"WebPage\",\"@id\":\"https:\\\/\\\/cornulus.ch\\\/de\\\/shop\\\/syrah-clos-des-monzuettes\\\/\",\"url\":\"https:\\\/\\\/cornulus.ch\\\/de\\\/shop\\\/syrah-clos-des-monzuettes\\\/\",\"name\":\"Syrah Clos des Monzuettes - Cornulus\",\"isPartOf\":{\"@id\":\"https:\\\/\\\/cornulus.ch\\\/#website\"},\"primaryImageOfPage\":{\"@id\":\"https:\\\/\\\/cornulus.ch\\\/de\\\/shop\\\/syrah-clos-des-monzuettes\\\/#primaryimage\"},\"image\":{\"@id\":\"https:\\\/\\\/cornulus.ch\\\/de\\\/shop\\\/syrah-clos-des-monzuettes\\\/#primaryimage\"},\"thumbnailUrl\":\"https:\\\/\\\/cornulus.ch\\\/wp-content\\\/uploads\\\/2021\\\/04\\\/Clos-des-Monzuettes_Syrah.png\",\"datePublished\":\"2021-04-18T19:56:10+00:00\",\"dateModified\":\"2021-09-30T12:29:43+00:00\",\"breadcrumb\":{\"@id\":\"https:\\\/\\\/cornulus.ch\\\/de\\\/shop\\\/syrah-clos-des-monzuettes\\\/#breadcrumb\"},\"inLanguage\":\"de\",\"potentialAction\":[{\"@type\":\"ReadAction\",\"target\":[\"https:\\\/\\\/cornulus.ch\\\/de\\\/shop\\\/syrah-clos-des-monzuettes\\\/\"]}]},{\"@type\":\"ImageObject\",\"inLanguage\":\"de\",\"@id\":\"https:\\\/\\\/cornulus.ch\\\/de\\\/shop\\\/syrah-clos-des-monzuettes\\\/#primaryimage\",\"url\":\"https:\\\/\\\/cornulus.ch\\\/wp-content\\\/uploads\\\/2021\\\/04\\\/Clos-des-Monzuettes_Syrah.png\",\"contentUrl\":\"https:\\\/\\\/cornulus.ch\\\/wp-content\\\/uploads\\\/2021\\\/04\\\/Clos-des-Monzuettes_Syrah.png\",\"width\":600,\"height\":800},{\"@type\":\"BreadcrumbList\",\"@id\":\"https:\\\/\\\/cornulus.ch\\\/de\\\/shop\\\/syrah-clos-des-monzuettes\\\/#breadcrumb\",\"itemListElement\":[{\"@type\":\"ListItem\",\"position\":1,\"name\":\"Accueil\",\"item\":\"https:\\\/\\\/cornulus.ch\\\/de\\\/startseite\\\/\"},{\"@type\":\"ListItem\",\"position\":2,\"name\":\"Shop\",\"item\":\"https:\\\/\\\/cornulus.ch\\\/de\\\/shop\\\/\"},{\"@type\":\"ListItem\",\"position\":3,\"name\":\"Syrah Clos des Monzuettes\"}]},{\"@type\":\"WebSite\",\"@id\":\"https:\\\/\\\/cornulus.ch\\\/#website\",\"url\":\"https:\\\/\\\/cornulus.ch\\\/\",\"name\":\"Cornulus\",\"description\":\"Reynard & Varone, Savi\u00e8se\",\"publisher\":{\"@id\":\"https:\\\/\\\/cornulus.ch\\\/#organization\"},\"potentialAction\":[{\"@type\":\"SearchAction\",\"target\":{\"@type\":\"EntryPoint\",\"urlTemplate\":\"https:\\\/\\\/cornulus.ch\\\/?s={search_term_string}\"},\"query-input\":{\"@type\":\"PropertyValueSpecification\",\"valueRequired\":true,\"valueName\":\"search_term_string\"}}],\"inLanguage\":\"de\"},{\"@type\":\"Organization\",\"@id\":\"https:\\\/\\\/cornulus.ch\\\/#organization\",\"name\":\"Domaine Cornulus SA\",\"url\":\"https:\\\/\\\/cornulus.ch\\\/\",\"logo\":{\"@type\":\"ImageObject\",\"inLanguage\":\"de\",\"@id\":\"https:\\\/\\\/cornulus.ch\\\/#\\\/schema\\\/logo\\\/image\\\/\",\"url\":\"https:\\\/\\\/cornulus.ch\\\/wp-content\\\/uploads\\\/2021\\\/04\\\/logo_cornulus.png\",\"contentUrl\":\"https:\\\/\\\/cornulus.ch\\\/wp-content\\\/uploads\\\/2021\\\/04\\\/logo_cornulus.png\",\"width\":638,\"height\":135,\"caption\":\"Domaine Cornulus SA\"},\"image\":{\"@id\":\"https:\\\/\\\/cornulus.ch\\\/#\\\/schema\\\/logo\\\/image\\\/\"},\"sameAs\":[\"https:\\\/\\\/www.facebook.com\\\/domainecornulus\",\"https:\\\/\\\/www.instagram.com\\\/domainecornulus\\\/\",\"https:\\\/\\\/www.youtube.com\\\/channel\\\/UCOXcunJIpWxd5ZBHlMuaRXA\"]}]}<\/script>\n<!-- \/ Yoast SEO plugin. -->","yoast_head_json":{"title":"Syrah Clos des Monzuettes - Cornulus","robots":{"index":"index","follow":"follow","max-snippet":"max-snippet:-1","max-image-preview":"max-image-preview:large","max-video-preview":"max-video-preview:-1"},"canonical":"https:\/\/cornulus.ch\/de\/shop\/syrah-clos-des-monzuettes\/","og_locale":"de_DE","og_type":"article","og_title":"Syrah Clos des Monzuettes - Cornulus","og_description":"Unser Bio-Syrah reift f\u00fcr 10 Monate in der Amphore, dann 6 Monate im Fass. Lila Farbe mit violetten Schattierungen. W\u00fcrzige Noten, schwarzer Pfeffer, intensive Aromen von schwarzen Fr\u00fcchten, Brombeeren und Veilchen. Dichter Abgang mit rassigen Tanninen. Dieser Wein hat ein gutes Alterungspotential.  Mit dem Bio-Label DIE KNOSPE zertifiziert","og_url":"https:\/\/cornulus.ch\/de\/shop\/syrah-clos-des-monzuettes\/","og_site_name":"Cornulus","article_publisher":"https:\/\/www.facebook.com\/domainecornulus","article_modified_time":"2021-09-30T12:29:43+00:00","og_image":[{"width":600,"height":800,"url":"https:\/\/cornulus.ch\/wp-content\/uploads\/2021\/04\/Clos-des-Monzuettes_Syrah.png","type":"image\/png"}],"twitter_card":"summary_large_image","schema":{"@context":"https:\/\/schema.org","@graph":[{"@type":"WebPage","@id":"https:\/\/cornulus.ch\/de\/shop\/syrah-clos-des-monzuettes\/","url":"https:\/\/cornulus.ch\/de\/shop\/syrah-clos-des-monzuettes\/","name":"Syrah Clos des Monzuettes - Cornulus","isPartOf":{"@id":"https:\/\/cornulus.ch\/#website"},"primaryImageOfPage":{"@id":"https:\/\/cornulus.ch\/de\/shop\/syrah-clos-des-monzuettes\/#primaryimage"},"image":{"@id":"https:\/\/cornulus.ch\/de\/shop\/syrah-clos-des-monzuettes\/#primaryimage"},"thumbnailUrl":"https:\/\/cornulus.ch\/wp-content\/uploads\/2021\/04\/Clos-des-Monzuettes_Syrah.png","datePublished":"2021-04-18T19:56:10+00:00","dateModified":"2021-09-30T12:29:43+00:00","breadcrumb":{"@id":"https:\/\/cornulus.ch\/de\/shop\/syrah-clos-des-monzuettes\/#breadcrumb"},"inLanguage":"de","potentialAction":[{"@type":"ReadAction","target":["https:\/\/cornulus.ch\/de\/shop\/syrah-clos-des-monzuettes\/"]}]},{"@type":"ImageObject","inLanguage":"de","@id":"https:\/\/cornulus.ch\/de\/shop\/syrah-clos-des-monzuettes\/#primaryimage","url":"https:\/\/cornulus.ch\/wp-content\/uploads\/2021\/04\/Clos-des-Monzuettes_Syrah.png","contentUrl":"https:\/\/cornulus.ch\/wp-content\/uploads\/2021\/04\/Clos-des-Monzuettes_Syrah.png","width":600,"height":800},{"@type":"BreadcrumbList","@id":"https:\/\/cornulus.ch\/de\/shop\/syrah-clos-des-monzuettes\/#breadcrumb","itemListElement":[{"@type":"ListItem","position":1,"name":"Accueil","item":"https:\/\/cornulus.ch\/de\/startseite\/"},{"@type":"ListItem","position":2,"name":"Shop","item":"https:\/\/cornulus.ch\/de\/shop\/"},{"@type":"ListItem","position":3,"name":"Syrah Clos des Monzuettes"}]},{"@type":"WebSite","@id":"https:\/\/cornulus.ch\/#website","url":"https:\/\/cornulus.ch\/","name":"Cornulus","description":"Reynard & Varone, Savi\u00e8se","publisher":{"@id":"https:\/\/cornulus.ch\/#organization"},"potentialAction":[{"@type":"SearchAction","target":{"@type":"EntryPoint","urlTemplate":"https:\/\/cornulus.ch\/?s={search_term_string}"},"query-input":{"@type":"PropertyValueSpecification","valueRequired":true,"valueName":"search_term_string"}}],"inLanguage":"de"},{"@type":"Organization","@id":"https:\/\/cornulus.ch\/#organization","name":"Domaine Cornulus SA","url":"https:\/\/cornulus.ch\/","logo":{"@type":"ImageObject","inLanguage":"de","@id":"https:\/\/cornulus.ch\/#\/schema\/logo\/image\/","url":"https:\/\/cornulus.ch\/wp-content\/uploads\/2021\/04\/logo_cornulus.png","contentUrl":"https:\/\/cornulus.ch\/wp-content\/uploads\/2021\/04\/logo_cornulus.png","width":638,"height":135,"caption":"Domaine Cornulus SA"},"image":{"@id":"https:\/\/cornulus.ch\/#\/schema\/logo\/image\/"},"sameAs":["https:\/\/www.facebook.com\/domainecornulus","https:\/\/www.instagram.com\/domainecornulus\/","https:\/\/www.youtube.com\/channel\/UCOXcunJIpWxd5ZBHlMuaRXA"]}]}},"_links":{"self":[{"href":"https:\/\/cornulus.ch\/de\/wp-json\/wp\/v2\/product\/5029","targetHints":{"allow":["GET"]}}],"collection":[{"href":"https:\/\/cornulus.ch\/de\/wp-json\/wp\/v2\/product"}],"about":[{"href":"https:\/\/cornulus.ch\/de\/wp-json\/wp\/v2\/types\/product"}],"version-history":[{"count":3,"href":"https:\/\/cornulus.ch\/de\/wp-json\/wp\/v2\/product\/5029\/revisions"}],"predecessor-version":[{"id":6774,"href":"https:\/\/cornulus.ch\/de\/wp-json\/wp\/v2\/product\/5029\/revisions\/6774"}],"wp:featuredmedia":[{"embeddable":true,"href":"https:\/\/cornulus.ch\/de\/wp-json\/wp\/v2\/media\/4956"}],"wp:attachment":[{"href":"https:\/\/cornulus.ch\/de\/wp-json\/wp\/v2\/media?parent=5029"}],"wp:term":[{"taxonomy":"product_brand","embeddable":true,"href":"https:\/\/cornulus.ch\/de\/wp-json\/wp\/v2\/product_brand?post=5029"},{"taxonomy":"product_cat","embeddable":true,"href":"https:\/\/cornulus.ch\/de\/wp-json\/wp\/v2\/product_cat?post=5029"},{"taxonomy":"product_tag","embeddable":true,"href":"https:\/\/cornulus.ch\/de\/wp-json\/wp\/v2\/product_tag?post=5029"}],"curies":[{"name":"wp","href":"https:\/\/api.w.org\/{rel}","templated":true}]}}