{"id":11171,"date":"2024-05-07T17:40:08","date_gmt":"2024-05-07T15:40:08","guid":{"rendered":"https:\/\/cornulus.ch\/?post_type=product&#038;p=11171"},"modified":"2025-12-15T16:27:19","modified_gmt":"2025-12-15T15:27:19","slug":"cornalin-monzuettes","status":"publish","type":"product","link":"https:\/\/cornulus.ch\/de\/shop\/cornalin-monzuettes\/","title":{"rendered":"Cornalin Monzuettes"},"content":{"rendered":"","protected":false},"excerpt":{"rendered":"<p>Clos des Monzuettes ist f\u00fcr die Qualit\u00e4t seines Cornalin bekannt. Diese Rebsorte stammt aus dem Aostatal und wurde auch Rouge du Pays genannt. Diese Cuv\u00e9e, die je nach Jahrgang 12 oder 15 Monate im Barrique aus\u00adge\u00adbaut wird, ent\u00adwi\u00adckelt in der Nase Noten von schwar\u00adzer Kirsche, Brombeere, Sauerkirsche, einen Hauch von Mineralien und Rauch. Am Gaumen dicht und tan\u00adnin\u00adhal\u00adtig. Gro\u00dfe aro\u00adma\u00adtische Nachhaltigkeit.<\/p>\n<p>Cornalin AOC Valais | 75 cl Flasche<\/p>\n<p>&nbsp;<\/p>\n<p><img decoding=\"async\" class=\"alignnone wp-image-13161\" src=\"https:\/\/cornulus.ch\/wp-content\/uploads\/2021\/04\/RP-300x160.png\" alt width=\"234\" height=\"125\" srcset=\"https:\/\/cornulus.ch\/wp-content\/uploads\/2021\/04\/RP-300x160.png 300w, https:\/\/cornulus.ch\/wp-content\/uploads\/2021\/04\/RP.png 600w\" sizes=\"(max-width: 234px) 100vw, 234px\"><\/p>\n<p>Cornalin Monzuettes 2023: <strong>RP 91+<\/strong><\/p>\n<p>Robert Parker Kommentar (aus dem Englischen):<br>\nDer Cornalin Monzuettes 2023 ist ein Wein mit dunk\u00adler Farbe, der sich mit einem herr\u00adlich kla\u00adren, fri\u00adschen und ele\u00adgan\u00adten Bouquet \u00f6ff\u00adnet, bes\u00adte\u00adhend aus rei\u00adfen schwar\u00adzen Fr\u00fcchten, ver\u00admi\u00adscht mit einer kris\u00adtallk\u00adla\u00adren Reinheit und einer leicht mine\u00adra\u00adli\u00adschen, sogar pfef\u00adfri\u00adgen und blu\u00admi\u00adgen Note, die aus dem Terroir stammt. Rund, dicht und recht ges\u00adch\u00admei\u00addig am Gaumen, ist er ein rei\u00adch\u00adhal\u00adti\u00adger, aber aus\u00adge\u00adwo\u00adge\u00adner und ele\u00adgan\u00adter Cornalin, der jetzt getrun\u00adken wer\u00adden kann. R Die Tannine sind reif und kna\u00adckig, und die kris\u00adtal\u00adline Salzigkeit macht ihn zu einem anre\u00adgen\u00adden Rotwein f\u00fcr viele Gelegenheiten.<\/p>\n<p>&nbsp;<\/p>\n","protected":false},"featured_media":12524,"template":"","meta":{"wp_typography_post_enhancements_disabled":false,"site-sidebar-layout":"no-sidebar","site-content-layout":"page-builder","ast-site-content-layout":"full-width-container","site-content-style":"unboxed","site-sidebar-style":"unboxed","ast-global-header-display":"","ast-banner-title-visibility":"","ast-main-header-display":"","ast-hfb-above-header-display":"","ast-hfb-below-header-display":"","ast-hfb-mobile-header-display":"","site-post-title":"disabled","ast-breadcrumbs-content":"","ast-featured-img":"disabled","footer-sml-layout":"","theme-transparent-header-meta":"default","adv-header-id-meta":"","stick-header-meta":"default","header-above-stick-meta":"","header-main-stick-meta":"","header-below-stick-meta":"","astra-migrate-meta-layouts":"set","ast-page-background-enabled":"default","ast-page-background-meta":{"desktop":{"background-color":"var(--ast-global-color-4)","background-image":"","background-repeat":"repeat","background-position":"center center","background-size":"auto","background-attachment":"scroll","background-type":"","background-media":"","overlay-type":"","overlay-color":"","overlay-opacity":"","overlay-gradient":""},"tablet":{"background-color":"","background-image":"","background-repeat":"repeat","background-position":"center center","background-size":"auto","background-attachment":"scroll","background-type":"","background-media":"","overlay-type":"","overlay-color":"","overlay-opacity":"","overlay-gradient":""},"mobile":{"background-color":"","background-image":"","background-repeat":"repeat","background-position":"center center","background-size":"auto","background-attachment":"scroll","background-type":"","background-media":"","overlay-type":"","overlay-color":"","overlay-opacity":"","overlay-gradient":""}},"ast-content-background-meta":{"desktop":{"background-color":"var(--ast-global-color-5)","background-image":"","background-repeat":"repeat","background-position":"center center","background-size":"auto","background-attachment":"scroll","background-type":"","background-media":"","overlay-type":"","overlay-color":"","overlay-opacity":"","overlay-gradient":""},"tablet":{"background-color":"var(--ast-global-color-5)","background-image":"","background-repeat":"repeat","background-position":"center center","background-size":"auto","background-attachment":"scroll","background-type":"","background-media":"","overlay-type":"","overlay-color":"","overlay-opacity":"","overlay-gradient":""},"mobile":{"background-color":"var(--ast-global-color-5)","background-image":"","background-repeat":"repeat","background-position":"center center","background-size":"auto","background-attachment":"scroll","background-type":"","background-media":"","overlay-type":"","overlay-color":"","overlay-opacity":"","overlay-gradient":""}}},"product_brand":[],"product_cat":[66],"product_tag":[],"class_list":{"0":"post-11171","1":"product","2":"type-product","3":"status-publish","4":"has-post-thumbnail","6":"product_cat-clos-des-monzuettes-de","7":"desktop-align-left","8":"tablet-align-left","9":"mobile-align-left","11":"first","12":"instock","13":"shipping-taxable","14":"purchasable","15":"product-type-simple"},"yoast_head":"<!-- This site is optimized with the Yoast SEO plugin v27.3 - https:\/\/yoast.com\/product\/yoast-seo-wordpress\/ -->\n<title>Cornalin Monzuettes - Cornulus<\/title>\n<meta name=\"robots\" content=\"index, follow, max-snippet:-1, max-image-preview:large, max-video-preview:-1\" \/>\n<link rel=\"canonical\" href=\"https:\/\/cornulus.ch\/de\/shop\/cornalin-monzuettes\/\" \/>\n<meta property=\"og:locale\" content=\"de_DE\" \/>\n<meta property=\"og:type\" content=\"article\" \/>\n<meta property=\"og:title\" content=\"Cornalin Monzuettes - Cornulus\" \/>\n<meta property=\"og:description\" content=\"Clos des Monzuettes ist f\u00fcr die Qualit\u00e4t seines Cornalin bekannt. Diese Rebsorte stammt aus dem Aostatal und wurde auch Rouge du Pays genannt. Diese Cuv\u00e9e, die je nach Jahrgang 12 oder 15 Monate im Barrique ausgebaut wird, entwickelt in der Nase Noten von schwarzer Kirsche, Brombeere, Sauerkirsche, einen Hauch von Mineralien und Rauch. Am Gaumen dicht und tanninhaltig. Gro\u00dfe aromatische Nachhaltigkeit.  Cornalin AOC Valais | 75 cl Flasche  &nbsp;    Cornalin Monzuettes 2023: RP 91+  Robert Parker Kommentar (aus dem Englischen): Der Cornalin Monzuettes 2023 ist ein Wein mit dunkler Farbe, der sich mit einem herrlich klaren, frischen und eleganten Bouquet \u00f6ffnet, bestehend aus reifen schwarzen Fr\u00fcchten, vermischt mit einer kristallklaren Reinheit und einer leicht mineralischen, sogar pfeffrigen und blumigen Note, die aus dem Terroir stammt. Rund, dicht und recht geschmeidig am Gaumen, ist er ein reichhaltiger, aber ausgewogener und eleganter Cornalin, der jetzt getrunken werden kann. R Die Tannine sind reif und knackig, und die kristalline Salzigkeit macht ihn zu einem anregenden Rotwein f\u00fcr viele Gelegenheiten.  &nbsp;\" \/>\n<meta property=\"og:url\" content=\"https:\/\/cornulus.ch\/de\/shop\/cornalin-monzuettes\/\" \/>\n<meta property=\"og:site_name\" content=\"Cornulus\" \/>\n<meta property=\"article:publisher\" content=\"https:\/\/www.facebook.com\/domainecornulus\" \/>\n<meta property=\"article:modified_time\" content=\"2025-12-15T15:27:19+00:00\" \/>\n<meta property=\"og:image\" content=\"https:\/\/cornulus.ch\/wp-content\/uploads\/2024\/05\/Monzuettes_Cornalin-scaled.jpg\" \/>\n\t<meta property=\"og:image:width\" content=\"1393\" \/>\n\t<meta property=\"og:image:height\" content=\"2560\" \/>\n\t<meta property=\"og:image:type\" content=\"image\/jpeg\" \/>\n<meta name=\"twitter:card\" content=\"summary_large_image\" \/>\n<meta name=\"twitter:label1\" content=\"Gesch\u00e4tzte Lesezeit\" \/>\n\t<meta name=\"twitter:data1\" content=\"1\u00a0Minute\" \/>\n<script type=\"application\/ld+json\" class=\"yoast-schema-graph\">{\"@context\":\"https:\\\/\\\/schema.org\",\"@graph\":[{\"@type\":\"WebPage\",\"@id\":\"https:\\\/\\\/cornulus.ch\\\/de\\\/shop\\\/cornalin-monzuettes\\\/\",\"url\":\"https:\\\/\\\/cornulus.ch\\\/de\\\/shop\\\/cornalin-monzuettes\\\/\",\"name\":\"Cornalin Monzuettes - Cornulus\",\"isPartOf\":{\"@id\":\"https:\\\/\\\/cornulus.ch\\\/#website\"},\"primaryImageOfPage\":{\"@id\":\"https:\\\/\\\/cornulus.ch\\\/de\\\/shop\\\/cornalin-monzuettes\\\/#primaryimage\"},\"image\":{\"@id\":\"https:\\\/\\\/cornulus.ch\\\/de\\\/shop\\\/cornalin-monzuettes\\\/#primaryimage\"},\"thumbnailUrl\":\"https:\\\/\\\/cornulus.ch\\\/wp-content\\\/uploads\\\/2024\\\/05\\\/Monzuettes_Cornalin-scaled.jpg\",\"datePublished\":\"2024-05-07T15:40:08+00:00\",\"dateModified\":\"2025-12-15T15:27:19+00:00\",\"breadcrumb\":{\"@id\":\"https:\\\/\\\/cornulus.ch\\\/de\\\/shop\\\/cornalin-monzuettes\\\/#breadcrumb\"},\"inLanguage\":\"de\",\"potentialAction\":[{\"@type\":\"ReadAction\",\"target\":[\"https:\\\/\\\/cornulus.ch\\\/de\\\/shop\\\/cornalin-monzuettes\\\/\"]}]},{\"@type\":\"ImageObject\",\"inLanguage\":\"de\",\"@id\":\"https:\\\/\\\/cornulus.ch\\\/de\\\/shop\\\/cornalin-monzuettes\\\/#primaryimage\",\"url\":\"https:\\\/\\\/cornulus.ch\\\/wp-content\\\/uploads\\\/2024\\\/05\\\/Monzuettes_Cornalin-scaled.jpg\",\"contentUrl\":\"https:\\\/\\\/cornulus.ch\\\/wp-content\\\/uploads\\\/2024\\\/05\\\/Monzuettes_Cornalin-scaled.jpg\",\"width\":1393,\"height\":2560,\"caption\":\"Cornalin Monzuettes Domaine Cornulus\"},{\"@type\":\"BreadcrumbList\",\"@id\":\"https:\\\/\\\/cornulus.ch\\\/de\\\/shop\\\/cornalin-monzuettes\\\/#breadcrumb\",\"itemListElement\":[{\"@type\":\"ListItem\",\"position\":1,\"name\":\"Accueil\",\"item\":\"https:\\\/\\\/cornulus.ch\\\/de\\\/startseite\\\/\"},{\"@type\":\"ListItem\",\"position\":2,\"name\":\"Shop\",\"item\":\"https:\\\/\\\/cornulus.ch\\\/de\\\/shop\\\/\"},{\"@type\":\"ListItem\",\"position\":3,\"name\":\"Cornalin Monzuettes\"}]},{\"@type\":\"WebSite\",\"@id\":\"https:\\\/\\\/cornulus.ch\\\/#website\",\"url\":\"https:\\\/\\\/cornulus.ch\\\/\",\"name\":\"Cornulus\",\"description\":\"Reynard & Varone, Savi\u00e8se\",\"publisher\":{\"@id\":\"https:\\\/\\\/cornulus.ch\\\/#organization\"},\"potentialAction\":[{\"@type\":\"SearchAction\",\"target\":{\"@type\":\"EntryPoint\",\"urlTemplate\":\"https:\\\/\\\/cornulus.ch\\\/?s={search_term_string}\"},\"query-input\":{\"@type\":\"PropertyValueSpecification\",\"valueRequired\":true,\"valueName\":\"search_term_string\"}}],\"inLanguage\":\"de\"},{\"@type\":\"Organization\",\"@id\":\"https:\\\/\\\/cornulus.ch\\\/#organization\",\"name\":\"Domaine Cornulus SA\",\"url\":\"https:\\\/\\\/cornulus.ch\\\/\",\"logo\":{\"@type\":\"ImageObject\",\"inLanguage\":\"de\",\"@id\":\"https:\\\/\\\/cornulus.ch\\\/#\\\/schema\\\/logo\\\/image\\\/\",\"url\":\"https:\\\/\\\/cornulus.ch\\\/wp-content\\\/uploads\\\/2021\\\/04\\\/logo_cornulus.png\",\"contentUrl\":\"https:\\\/\\\/cornulus.ch\\\/wp-content\\\/uploads\\\/2021\\\/04\\\/logo_cornulus.png\",\"width\":638,\"height\":135,\"caption\":\"Domaine Cornulus SA\"},\"image\":{\"@id\":\"https:\\\/\\\/cornulus.ch\\\/#\\\/schema\\\/logo\\\/image\\\/\"},\"sameAs\":[\"https:\\\/\\\/www.facebook.com\\\/domainecornulus\",\"https:\\\/\\\/www.instagram.com\\\/domainecornulus\\\/\",\"https:\\\/\\\/www.youtube.com\\\/channel\\\/UCOXcunJIpWxd5ZBHlMuaRXA\"]}]}<\/script>\n<!-- \/ Yoast SEO plugin. -->","yoast_head_json":{"title":"Cornalin Monzuettes - Cornulus","robots":{"index":"index","follow":"follow","max-snippet":"max-snippet:-1","max-image-preview":"max-image-preview:large","max-video-preview":"max-video-preview:-1"},"canonical":"https:\/\/cornulus.ch\/de\/shop\/cornalin-monzuettes\/","og_locale":"de_DE","og_type":"article","og_title":"Cornalin Monzuettes - Cornulus","og_description":"Clos des Monzuettes ist f\u00fcr die Qualit\u00e4t seines Cornalin bekannt. Diese Rebsorte stammt aus dem Aostatal und wurde auch Rouge du Pays genannt. Diese Cuv\u00e9e, die je nach Jahrgang 12 oder 15 Monate im Barrique ausgebaut wird, entwickelt in der Nase Noten von schwarzer Kirsche, Brombeere, Sauerkirsche, einen Hauch von Mineralien und Rauch. Am Gaumen dicht und tanninhaltig. Gro\u00dfe aromatische Nachhaltigkeit.  Cornalin AOC Valais | 75 cl Flasche  &nbsp;    Cornalin Monzuettes 2023: RP 91+  Robert Parker Kommentar (aus dem Englischen): Der Cornalin Monzuettes 2023 ist ein Wein mit dunkler Farbe, der sich mit einem herrlich klaren, frischen und eleganten Bouquet \u00f6ffnet, bestehend aus reifen schwarzen Fr\u00fcchten, vermischt mit einer kristallklaren Reinheit und einer leicht mineralischen, sogar pfeffrigen und blumigen Note, die aus dem Terroir stammt. Rund, dicht und recht geschmeidig am Gaumen, ist er ein reichhaltiger, aber ausgewogener und eleganter Cornalin, der jetzt getrunken werden kann. R Die Tannine sind reif und knackig, und die kristalline Salzigkeit macht ihn zu einem anregenden Rotwein f\u00fcr viele Gelegenheiten.  &nbsp;","og_url":"https:\/\/cornulus.ch\/de\/shop\/cornalin-monzuettes\/","og_site_name":"Cornulus","article_publisher":"https:\/\/www.facebook.com\/domainecornulus","article_modified_time":"2025-12-15T15:27:19+00:00","og_image":[{"width":1393,"height":2560,"url":"https:\/\/cornulus.ch\/wp-content\/uploads\/2024\/05\/Monzuettes_Cornalin-scaled.jpg","type":"image\/jpeg"}],"twitter_card":"summary_large_image","twitter_misc":{"Gesch\u00e4tzte Lesezeit":"1\u00a0Minute"},"schema":{"@context":"https:\/\/schema.org","@graph":[{"@type":"WebPage","@id":"https:\/\/cornulus.ch\/de\/shop\/cornalin-monzuettes\/","url":"https:\/\/cornulus.ch\/de\/shop\/cornalin-monzuettes\/","name":"Cornalin Monzuettes - Cornulus","isPartOf":{"@id":"https:\/\/cornulus.ch\/#website"},"primaryImageOfPage":{"@id":"https:\/\/cornulus.ch\/de\/shop\/cornalin-monzuettes\/#primaryimage"},"image":{"@id":"https:\/\/cornulus.ch\/de\/shop\/cornalin-monzuettes\/#primaryimage"},"thumbnailUrl":"https:\/\/cornulus.ch\/wp-content\/uploads\/2024\/05\/Monzuettes_Cornalin-scaled.jpg","datePublished":"2024-05-07T15:40:08+00:00","dateModified":"2025-12-15T15:27:19+00:00","breadcrumb":{"@id":"https:\/\/cornulus.ch\/de\/shop\/cornalin-monzuettes\/#breadcrumb"},"inLanguage":"de","potentialAction":[{"@type":"ReadAction","target":["https:\/\/cornulus.ch\/de\/shop\/cornalin-monzuettes\/"]}]},{"@type":"ImageObject","inLanguage":"de","@id":"https:\/\/cornulus.ch\/de\/shop\/cornalin-monzuettes\/#primaryimage","url":"https:\/\/cornulus.ch\/wp-content\/uploads\/2024\/05\/Monzuettes_Cornalin-scaled.jpg","contentUrl":"https:\/\/cornulus.ch\/wp-content\/uploads\/2024\/05\/Monzuettes_Cornalin-scaled.jpg","width":1393,"height":2560,"caption":"Cornalin Monzuettes Domaine Cornulus"},{"@type":"BreadcrumbList","@id":"https:\/\/cornulus.ch\/de\/shop\/cornalin-monzuettes\/#breadcrumb","itemListElement":[{"@type":"ListItem","position":1,"name":"Accueil","item":"https:\/\/cornulus.ch\/de\/startseite\/"},{"@type":"ListItem","position":2,"name":"Shop","item":"https:\/\/cornulus.ch\/de\/shop\/"},{"@type":"ListItem","position":3,"name":"Cornalin Monzuettes"}]},{"@type":"WebSite","@id":"https:\/\/cornulus.ch\/#website","url":"https:\/\/cornulus.ch\/","name":"Cornulus","description":"Reynard & Varone, Savi\u00e8se","publisher":{"@id":"https:\/\/cornulus.ch\/#organization"},"potentialAction":[{"@type":"SearchAction","target":{"@type":"EntryPoint","urlTemplate":"https:\/\/cornulus.ch\/?s={search_term_string}"},"query-input":{"@type":"PropertyValueSpecification","valueRequired":true,"valueName":"search_term_string"}}],"inLanguage":"de"},{"@type":"Organization","@id":"https:\/\/cornulus.ch\/#organization","name":"Domaine Cornulus SA","url":"https:\/\/cornulus.ch\/","logo":{"@type":"ImageObject","inLanguage":"de","@id":"https:\/\/cornulus.ch\/#\/schema\/logo\/image\/","url":"https:\/\/cornulus.ch\/wp-content\/uploads\/2021\/04\/logo_cornulus.png","contentUrl":"https:\/\/cornulus.ch\/wp-content\/uploads\/2021\/04\/logo_cornulus.png","width":638,"height":135,"caption":"Domaine Cornulus SA"},"image":{"@id":"https:\/\/cornulus.ch\/#\/schema\/logo\/image\/"},"sameAs":["https:\/\/www.facebook.com\/domainecornulus","https:\/\/www.instagram.com\/domainecornulus\/","https:\/\/www.youtube.com\/channel\/UCOXcunJIpWxd5ZBHlMuaRXA"]}]}},"_links":{"self":[{"href":"https:\/\/cornulus.ch\/de\/wp-json\/wp\/v2\/product\/11171","targetHints":{"allow":["GET"]}}],"collection":[{"href":"https:\/\/cornulus.ch\/de\/wp-json\/wp\/v2\/product"}],"about":[{"href":"https:\/\/cornulus.ch\/de\/wp-json\/wp\/v2\/types\/product"}],"version-history":[{"count":8,"href":"https:\/\/cornulus.ch\/de\/wp-json\/wp\/v2\/product\/11171\/revisions"}],"predecessor-version":[{"id":13819,"href":"https:\/\/cornulus.ch\/de\/wp-json\/wp\/v2\/product\/11171\/revisions\/13819"}],"wp:featuredmedia":[{"embeddable":true,"href":"https:\/\/cornulus.ch\/de\/wp-json\/wp\/v2\/media\/12524"}],"wp:attachment":[{"href":"https:\/\/cornulus.ch\/de\/wp-json\/wp\/v2\/media?parent=11171"}],"wp:term":[{"taxonomy":"product_brand","embeddable":true,"href":"https:\/\/cornulus.ch\/de\/wp-json\/wp\/v2\/product_brand?post=11171"},{"taxonomy":"product_cat","embeddable":true,"href":"https:\/\/cornulus.ch\/de\/wp-json\/wp\/v2\/product_cat?post=11171"},{"taxonomy":"product_tag","embeddable":true,"href":"https:\/\/cornulus.ch\/de\/wp-json\/wp\/v2\/product_tag?post=11171"}],"curies":[{"name":"wp","href":"https:\/\/api.w.org\/{rel}","templated":true}]}}