{"id":11066,"date":"2024-04-26T15:54:24","date_gmt":"2024-04-26T13:54:24","guid":{"rendered":"https:\/\/cornulus.ch\/?post_type=product&#038;p=11066"},"modified":"2025-12-17T17:44:08","modified_gmt":"2025-12-17T16:44:08","slug":"vieilles-vignes-corbassieres-2","status":"publish","type":"product","link":"https:\/\/cornulus.ch\/de\/shop\/vieilles-vignes-corbassieres-2\/","title":{"rendered":"Vieilles Vignes Corbassi\u00e8res"},"content":{"rendered":"<p><br data-mce-bogus=\"1\"><\/p>\n","protected":false},"excerpt":{"rendered":"<p>Unser Chasselas du clos des Corbassi\u00e8res stammt von \u00fcber 50 Jahre alten Rebst\u00f6cken. Er wird in Amphoren aus\u00adge\u00adbaut und ent\u00adwi\u00adckelt im Bouquet kom\u00adplexe Aromen von wei\u00dfen Blumen, Mandarine und Zitrusfr\u00fcchten. Subtile mine\u00adra\u00adlische Note, dichtes und ras\u00adsiges Finale. Gourmet-Aperitif, Tapas, Eglifilets, Felchen aus dem Genfersee.&nbsp;<\/p>\n<p>Chasselas AOC Valais | 75 cl Flasche<\/p>\n<p>Vol. 12.0 %.<\/p>\n","protected":false},"featured_media":12527,"template":"","meta":{"wp_typography_post_enhancements_disabled":false,"site-sidebar-layout":"default","site-content-layout":"default","ast-site-content-layout":"default","site-content-style":"default","site-sidebar-style":"default","ast-global-header-display":"","ast-banner-title-visibility":"","ast-main-header-display":"","ast-hfb-above-header-display":"","ast-hfb-below-header-display":"","ast-hfb-mobile-header-display":"","site-post-title":"","ast-breadcrumbs-content":"","ast-featured-img":"","footer-sml-layout":"","theme-transparent-header-meta":"default","adv-header-id-meta":"","stick-header-meta":"default","header-above-stick-meta":"","header-main-stick-meta":"","header-below-stick-meta":"","astra-migrate-meta-layouts":"set","ast-page-background-enabled":"default","ast-page-background-meta":{"desktop":{"background-color":"var(--ast-global-color-4)","background-image":"","background-repeat":"repeat","background-position":"center center","background-size":"auto","background-attachment":"scroll","background-type":"","background-media":"","overlay-type":"","overlay-color":"","overlay-opacity":"","overlay-gradient":""},"tablet":{"background-color":"","background-image":"","background-repeat":"repeat","background-position":"center center","background-size":"auto","background-attachment":"scroll","background-type":"","background-media":"","overlay-type":"","overlay-color":"","overlay-opacity":"","overlay-gradient":""},"mobile":{"background-color":"","background-image":"","background-repeat":"repeat","background-position":"center center","background-size":"auto","background-attachment":"scroll","background-type":"","background-media":"","overlay-type":"","overlay-color":"","overlay-opacity":"","overlay-gradient":""}},"ast-content-background-meta":{"desktop":{"background-color":"var(--ast-global-color-5)","background-image":"","background-repeat":"repeat","background-position":"center center","background-size":"auto","background-attachment":"scroll","background-type":"","background-media":"","overlay-type":"","overlay-color":"","overlay-opacity":"","overlay-gradient":""},"tablet":{"background-color":"var(--ast-global-color-5)","background-image":"","background-repeat":"repeat","background-position":"center center","background-size":"auto","background-attachment":"scroll","background-type":"","background-media":"","overlay-type":"","overlay-color":"","overlay-opacity":"","overlay-gradient":""},"mobile":{"background-color":"var(--ast-global-color-5)","background-image":"","background-repeat":"repeat","background-position":"center center","background-size":"auto","background-attachment":"scroll","background-type":"","background-media":"","overlay-type":"","overlay-color":"","overlay-opacity":"","overlay-gradient":""}}},"product_brand":[],"product_cat":[65],"product_tag":[],"class_list":{"0":"post-11066","1":"product","2":"type-product","3":"status-publish","4":"has-post-thumbnail","6":"product_cat-clos-des-corbassieres-de","7":"desktop-align-left","8":"tablet-align-left","9":"mobile-align-left","11":"first","12":"instock","13":"shipping-taxable","14":"product-type-simple"},"yoast_head":"<!-- This site is optimized with the Yoast SEO plugin v27.3 - https:\/\/yoast.com\/product\/yoast-seo-wordpress\/ -->\n<title>Vieilles Vignes Corbassi\u00e8res - Cornulus<\/title>\n<meta name=\"robots\" content=\"index, follow, max-snippet:-1, max-image-preview:large, max-video-preview:-1\" \/>\n<link rel=\"canonical\" href=\"https:\/\/cornulus.ch\/de\/shop\/vieilles-vignes-corbassieres-2\/\" \/>\n<meta property=\"og:locale\" content=\"de_DE\" \/>\n<meta property=\"og:type\" content=\"article\" \/>\n<meta property=\"og:title\" content=\"Vieilles Vignes Corbassi\u00e8res - Cornulus\" \/>\n<meta property=\"og:description\" content=\"Unser Chasselas du clos des Corbassi\u00e8res stammt von \u00fcber 50 Jahre alten Rebst\u00f6cken. Er wird in Amphoren ausgebaut und entwickelt im Bouquet komplexe Aromen von wei\u00dfen Blumen, Mandarine und Zitrusfr\u00fcchten. Subtile mineralische Note, dichtes und rassiges Finale. Gourmet-Aperitif, Tapas, Eglifilets, Felchen aus dem Genfersee.   Chasselas AOC Valais | 75 cl Flasche Vol. 12.0 %.\" \/>\n<meta property=\"og:url\" content=\"https:\/\/cornulus.ch\/de\/shop\/vieilles-vignes-corbassieres-2\/\" \/>\n<meta property=\"og:site_name\" content=\"Cornulus\" \/>\n<meta property=\"article:publisher\" content=\"https:\/\/www.facebook.com\/domainecornulus\" \/>\n<meta property=\"article:modified_time\" content=\"2025-12-17T16:44:08+00:00\" \/>\n<meta property=\"og:image\" content=\"https:\/\/cornulus.ch\/wp-content\/uploads\/2024\/04\/Clos_Corbassieres_Vieilles_Vignes_2000_pixels_hauteur.jpg\" \/>\n\t<meta property=\"og:image:width\" content=\"1088\" \/>\n\t<meta property=\"og:image:height\" content=\"2000\" \/>\n\t<meta property=\"og:image:type\" content=\"image\/jpeg\" \/>\n<meta name=\"twitter:card\" content=\"summary_large_image\" \/>\n<meta name=\"twitter:label1\" content=\"Gesch\u00e4tzte Lesezeit\" \/>\n\t<meta name=\"twitter:data1\" content=\"1\u00a0Minute\" \/>\n<script type=\"application\/ld+json\" class=\"yoast-schema-graph\">{\"@context\":\"https:\\\/\\\/schema.org\",\"@graph\":[{\"@type\":\"WebPage\",\"@id\":\"https:\\\/\\\/cornulus.ch\\\/de\\\/shop\\\/vieilles-vignes-corbassieres-2\\\/\",\"url\":\"https:\\\/\\\/cornulus.ch\\\/de\\\/shop\\\/vieilles-vignes-corbassieres-2\\\/\",\"name\":\"Vieilles Vignes Corbassi\u00e8res - Cornulus\",\"isPartOf\":{\"@id\":\"https:\\\/\\\/cornulus.ch\\\/#website\"},\"primaryImageOfPage\":{\"@id\":\"https:\\\/\\\/cornulus.ch\\\/de\\\/shop\\\/vieilles-vignes-corbassieres-2\\\/#primaryimage\"},\"image\":{\"@id\":\"https:\\\/\\\/cornulus.ch\\\/de\\\/shop\\\/vieilles-vignes-corbassieres-2\\\/#primaryimage\"},\"thumbnailUrl\":\"https:\\\/\\\/cornulus.ch\\\/wp-content\\\/uploads\\\/2024\\\/04\\\/Clos_Corbassieres_Vieilles_Vignes_2000_pixels_hauteur.jpg\",\"datePublished\":\"2024-04-26T13:54:24+00:00\",\"dateModified\":\"2025-12-17T16:44:08+00:00\",\"breadcrumb\":{\"@id\":\"https:\\\/\\\/cornulus.ch\\\/de\\\/shop\\\/vieilles-vignes-corbassieres-2\\\/#breadcrumb\"},\"inLanguage\":\"de\",\"potentialAction\":[{\"@type\":\"ReadAction\",\"target\":[\"https:\\\/\\\/cornulus.ch\\\/de\\\/shop\\\/vieilles-vignes-corbassieres-2\\\/\"]}]},{\"@type\":\"ImageObject\",\"inLanguage\":\"de\",\"@id\":\"https:\\\/\\\/cornulus.ch\\\/de\\\/shop\\\/vieilles-vignes-corbassieres-2\\\/#primaryimage\",\"url\":\"https:\\\/\\\/cornulus.ch\\\/wp-content\\\/uploads\\\/2024\\\/04\\\/Clos_Corbassieres_Vieilles_Vignes_2000_pixels_hauteur.jpg\",\"contentUrl\":\"https:\\\/\\\/cornulus.ch\\\/wp-content\\\/uploads\\\/2024\\\/04\\\/Clos_Corbassieres_Vieilles_Vignes_2000_pixels_hauteur.jpg\",\"width\":1088,\"height\":2000,\"caption\":\"Vieilles Vignes Amphore Corbassi\u00e8res Domaine Cornulus\"},{\"@type\":\"BreadcrumbList\",\"@id\":\"https:\\\/\\\/cornulus.ch\\\/de\\\/shop\\\/vieilles-vignes-corbassieres-2\\\/#breadcrumb\",\"itemListElement\":[{\"@type\":\"ListItem\",\"position\":1,\"name\":\"Accueil\",\"item\":\"https:\\\/\\\/cornulus.ch\\\/de\\\/startseite\\\/\"},{\"@type\":\"ListItem\",\"position\":2,\"name\":\"Shop\",\"item\":\"https:\\\/\\\/cornulus.ch\\\/de\\\/shop\\\/\"},{\"@type\":\"ListItem\",\"position\":3,\"name\":\"Vieilles Vignes Corbassi\u00e8res\"}]},{\"@type\":\"WebSite\",\"@id\":\"https:\\\/\\\/cornulus.ch\\\/#website\",\"url\":\"https:\\\/\\\/cornulus.ch\\\/\",\"name\":\"Cornulus\",\"description\":\"Reynard & Varone, Savi\u00e8se\",\"publisher\":{\"@id\":\"https:\\\/\\\/cornulus.ch\\\/#organization\"},\"potentialAction\":[{\"@type\":\"SearchAction\",\"target\":{\"@type\":\"EntryPoint\",\"urlTemplate\":\"https:\\\/\\\/cornulus.ch\\\/?s={search_term_string}\"},\"query-input\":{\"@type\":\"PropertyValueSpecification\",\"valueRequired\":true,\"valueName\":\"search_term_string\"}}],\"inLanguage\":\"de\"},{\"@type\":\"Organization\",\"@id\":\"https:\\\/\\\/cornulus.ch\\\/#organization\",\"name\":\"Domaine Cornulus SA\",\"url\":\"https:\\\/\\\/cornulus.ch\\\/\",\"logo\":{\"@type\":\"ImageObject\",\"inLanguage\":\"de\",\"@id\":\"https:\\\/\\\/cornulus.ch\\\/#\\\/schema\\\/logo\\\/image\\\/\",\"url\":\"https:\\\/\\\/cornulus.ch\\\/wp-content\\\/uploads\\\/2021\\\/04\\\/logo_cornulus.png\",\"contentUrl\":\"https:\\\/\\\/cornulus.ch\\\/wp-content\\\/uploads\\\/2021\\\/04\\\/logo_cornulus.png\",\"width\":638,\"height\":135,\"caption\":\"Domaine Cornulus SA\"},\"image\":{\"@id\":\"https:\\\/\\\/cornulus.ch\\\/#\\\/schema\\\/logo\\\/image\\\/\"},\"sameAs\":[\"https:\\\/\\\/www.facebook.com\\\/domainecornulus\",\"https:\\\/\\\/www.instagram.com\\\/domainecornulus\\\/\",\"https:\\\/\\\/www.youtube.com\\\/channel\\\/UCOXcunJIpWxd5ZBHlMuaRXA\"]}]}<\/script>\n<!-- \/ Yoast SEO plugin. -->","yoast_head_json":{"title":"Vieilles Vignes Corbassi\u00e8res - Cornulus","robots":{"index":"index","follow":"follow","max-snippet":"max-snippet:-1","max-image-preview":"max-image-preview:large","max-video-preview":"max-video-preview:-1"},"canonical":"https:\/\/cornulus.ch\/de\/shop\/vieilles-vignes-corbassieres-2\/","og_locale":"de_DE","og_type":"article","og_title":"Vieilles Vignes Corbassi\u00e8res - Cornulus","og_description":"Unser Chasselas du clos des Corbassi\u00e8res stammt von \u00fcber 50 Jahre alten Rebst\u00f6cken. Er wird in Amphoren ausgebaut und entwickelt im Bouquet komplexe Aromen von wei\u00dfen Blumen, Mandarine und Zitrusfr\u00fcchten. Subtile mineralische Note, dichtes und rassiges Finale. Gourmet-Aperitif, Tapas, Eglifilets, Felchen aus dem Genfersee.   Chasselas AOC Valais | 75 cl Flasche Vol. 12.0 %.","og_url":"https:\/\/cornulus.ch\/de\/shop\/vieilles-vignes-corbassieres-2\/","og_site_name":"Cornulus","article_publisher":"https:\/\/www.facebook.com\/domainecornulus","article_modified_time":"2025-12-17T16:44:08+00:00","og_image":[{"width":1088,"height":2000,"url":"https:\/\/cornulus.ch\/wp-content\/uploads\/2024\/04\/Clos_Corbassieres_Vieilles_Vignes_2000_pixels_hauteur.jpg","type":"image\/jpeg"}],"twitter_card":"summary_large_image","twitter_misc":{"Gesch\u00e4tzte Lesezeit":"1\u00a0Minute"},"schema":{"@context":"https:\/\/schema.org","@graph":[{"@type":"WebPage","@id":"https:\/\/cornulus.ch\/de\/shop\/vieilles-vignes-corbassieres-2\/","url":"https:\/\/cornulus.ch\/de\/shop\/vieilles-vignes-corbassieres-2\/","name":"Vieilles Vignes Corbassi\u00e8res - Cornulus","isPartOf":{"@id":"https:\/\/cornulus.ch\/#website"},"primaryImageOfPage":{"@id":"https:\/\/cornulus.ch\/de\/shop\/vieilles-vignes-corbassieres-2\/#primaryimage"},"image":{"@id":"https:\/\/cornulus.ch\/de\/shop\/vieilles-vignes-corbassieres-2\/#primaryimage"},"thumbnailUrl":"https:\/\/cornulus.ch\/wp-content\/uploads\/2024\/04\/Clos_Corbassieres_Vieilles_Vignes_2000_pixels_hauteur.jpg","datePublished":"2024-04-26T13:54:24+00:00","dateModified":"2025-12-17T16:44:08+00:00","breadcrumb":{"@id":"https:\/\/cornulus.ch\/de\/shop\/vieilles-vignes-corbassieres-2\/#breadcrumb"},"inLanguage":"de","potentialAction":[{"@type":"ReadAction","target":["https:\/\/cornulus.ch\/de\/shop\/vieilles-vignes-corbassieres-2\/"]}]},{"@type":"ImageObject","inLanguage":"de","@id":"https:\/\/cornulus.ch\/de\/shop\/vieilles-vignes-corbassieres-2\/#primaryimage","url":"https:\/\/cornulus.ch\/wp-content\/uploads\/2024\/04\/Clos_Corbassieres_Vieilles_Vignes_2000_pixels_hauteur.jpg","contentUrl":"https:\/\/cornulus.ch\/wp-content\/uploads\/2024\/04\/Clos_Corbassieres_Vieilles_Vignes_2000_pixels_hauteur.jpg","width":1088,"height":2000,"caption":"Vieilles Vignes Amphore Corbassi\u00e8res Domaine Cornulus"},{"@type":"BreadcrumbList","@id":"https:\/\/cornulus.ch\/de\/shop\/vieilles-vignes-corbassieres-2\/#breadcrumb","itemListElement":[{"@type":"ListItem","position":1,"name":"Accueil","item":"https:\/\/cornulus.ch\/de\/startseite\/"},{"@type":"ListItem","position":2,"name":"Shop","item":"https:\/\/cornulus.ch\/de\/shop\/"},{"@type":"ListItem","position":3,"name":"Vieilles Vignes Corbassi\u00e8res"}]},{"@type":"WebSite","@id":"https:\/\/cornulus.ch\/#website","url":"https:\/\/cornulus.ch\/","name":"Cornulus","description":"Reynard & Varone, Savi\u00e8se","publisher":{"@id":"https:\/\/cornulus.ch\/#organization"},"potentialAction":[{"@type":"SearchAction","target":{"@type":"EntryPoint","urlTemplate":"https:\/\/cornulus.ch\/?s={search_term_string}"},"query-input":{"@type":"PropertyValueSpecification","valueRequired":true,"valueName":"search_term_string"}}],"inLanguage":"de"},{"@type":"Organization","@id":"https:\/\/cornulus.ch\/#organization","name":"Domaine Cornulus SA","url":"https:\/\/cornulus.ch\/","logo":{"@type":"ImageObject","inLanguage":"de","@id":"https:\/\/cornulus.ch\/#\/schema\/logo\/image\/","url":"https:\/\/cornulus.ch\/wp-content\/uploads\/2021\/04\/logo_cornulus.png","contentUrl":"https:\/\/cornulus.ch\/wp-content\/uploads\/2021\/04\/logo_cornulus.png","width":638,"height":135,"caption":"Domaine Cornulus SA"},"image":{"@id":"https:\/\/cornulus.ch\/#\/schema\/logo\/image\/"},"sameAs":["https:\/\/www.facebook.com\/domainecornulus","https:\/\/www.instagram.com\/domainecornulus\/","https:\/\/www.youtube.com\/channel\/UCOXcunJIpWxd5ZBHlMuaRXA"]}]}},"_links":{"self":[{"href":"https:\/\/cornulus.ch\/de\/wp-json\/wp\/v2\/product\/11066","targetHints":{"allow":["GET"]}}],"collection":[{"href":"https:\/\/cornulus.ch\/de\/wp-json\/wp\/v2\/product"}],"about":[{"href":"https:\/\/cornulus.ch\/de\/wp-json\/wp\/v2\/types\/product"}],"version-history":[{"count":11,"href":"https:\/\/cornulus.ch\/de\/wp-json\/wp\/v2\/product\/11066\/revisions"}],"predecessor-version":[{"id":13909,"href":"https:\/\/cornulus.ch\/de\/wp-json\/wp\/v2\/product\/11066\/revisions\/13909"}],"wp:featuredmedia":[{"embeddable":true,"href":"https:\/\/cornulus.ch\/de\/wp-json\/wp\/v2\/media\/12527"}],"wp:attachment":[{"href":"https:\/\/cornulus.ch\/de\/wp-json\/wp\/v2\/media?parent=11066"}],"wp:term":[{"taxonomy":"product_brand","embeddable":true,"href":"https:\/\/cornulus.ch\/de\/wp-json\/wp\/v2\/product_brand?post=11066"},{"taxonomy":"product_cat","embeddable":true,"href":"https:\/\/cornulus.ch\/de\/wp-json\/wp\/v2\/product_cat?post=11066"},{"taxonomy":"product_tag","embeddable":true,"href":"https:\/\/cornulus.ch\/de\/wp-json\/wp\/v2\/product_tag?post=11066"}],"curies":[{"name":"wp","href":"https:\/\/api.w.org\/{rel}","templated":true}]}}