{"id":5237,"date":"2021-04-28T07:43:00","date_gmt":"2021-04-28T07:43:00","guid":{"rendered":"https:\/\/cornulus.ch\/agb\/"},"modified":"2025-12-15T15:43:21","modified_gmt":"2025-12-15T14:43:21","slug":"agb","status":"publish","type":"page","link":"https:\/\/cornulus.ch\/de\/agb\/","title":{"rendered":"AGB"},"content":{"rendered":"\t\t<div data-elementor-type=\"wp-page\" data-elementor-id=\"5237\" class=\"elementor elementor-5237 elementor-4143\" data-elementor-post-type=\"page\">\n\t\t\t\t\t\t<section class=\"has_eae_slider elementor-section elementor-top-section elementor-element elementor-element-ed908fd elementor-section-boxed elementor-section-height-default elementor-section-height-default\" data-eae-slider=\"7315\" data-id=\"ed908fd\" data-element_type=\"section\" data-e-type=\"section\">\n\t\t\t\t\t\t<div class=\"elementor-container elementor-column-gap-default\">\n\t\t\t\t\t<div class=\"has_eae_slider elementor-column elementor-col-100 elementor-top-column elementor-element elementor-element-592c76c\" data-eae-slider=\"47366\" data-id=\"592c76c\" data-element_type=\"column\" data-e-type=\"column\">\n\t\t\t<div class=\"elementor-widget-wrap elementor-element-populated\">\n\t\t\t\t\t\t<div class=\"elementor-element elementor-element-e409c8d elementor-widget-divider--view-line_text elementor-widget-divider--element-align-center elementor-widget elementor-widget-divider\" data-id=\"e409c8d\" data-element_type=\"widget\" data-e-type=\"widget\" data-widget_type=\"divider.default\">\n\t\t\t\t<div class=\"elementor-widget-container\">\n\t\t\t\t\t\t\t<div class=\"elementor-divider\">\n\t\t\t<span class=\"elementor-divider-separator\">\n\t\t\t\t\t\t\t<span class=\"elementor-divider__text elementor-divider__element\">\n\t\t\t\tALLGEMEINE GESCH\u00c4FTSBEDINGUNGEN&nbsp;<\/span>\n\t\t\t\t\t\t<\/span>\n\t\t<\/div>\n\t\t\t\t\t\t<\/div>\n\t\t\t\t<\/div>\n\t\t\t\t\t<\/div>\n\t\t<\/div>\n\t\t\t\t\t<\/div>\n\t\t<\/section>\n\t\t\t\t<section class=\"has_eae_slider elementor-section elementor-top-section elementor-element elementor-element-54296fe elementor-section-boxed elementor-section-height-default elementor-section-height-default\" data-eae-slider=\"43882\" data-id=\"54296fe\" data-element_type=\"section\" data-e-type=\"section\">\n\t\t\t\t\t\t<div class=\"elementor-container elementor-column-gap-default\">\n\t\t\t\t\t<div class=\"has_eae_slider elementor-column elementor-col-100 elementor-top-column elementor-element elementor-element-3e7ed36\" data-eae-slider=\"27512\" data-id=\"3e7ed36\" data-element_type=\"column\" data-e-type=\"column\">\n\t\t\t<div class=\"elementor-widget-wrap elementor-element-populated\">\n\t\t\t\t\t\t<div class=\"elementor-element elementor-element-b2f8378 elementor-widget elementor-widget-heading\" data-id=\"b2f8378\" data-element_type=\"widget\" data-e-type=\"widget\" data-widget_type=\"heading.default\">\n\t\t\t\t<div class=\"elementor-widget-container\">\n\t\t\t\t\t<h2 class=\"elementor-heading-title elementor-size-default\">Anwendungsbereiche<\/h2>\t\t\t\t<\/div>\n\t\t\t\t<\/div>\n\t\t\t\t<div class=\"elementor-element elementor-element-30563e5 elementor-widget elementor-widget-text-editor\" data-id=\"30563e5\" data-element_type=\"widget\" data-e-type=\"widget\" data-widget_type=\"text-editor.default\">\n\t\t\t\t<div class=\"elementor-widget-container\">\n\t\t\t\t\t\t\t\t\t<p>Die vor\u00adlie\u00adgen\u00adden Allgemeinen Gesch\u00e4ftsbedingungen gel\u00adten f\u00fcr den Verkauf von Weinen \u00fcber die Website www.cornulus.ch. Mit der Aufgabe einer Bestellung \u00fcber diese Website akzep\u00adtiert der Kunde diese Bedingungen.&nbsp;<\/p>\t\t\t\t\t\t\t\t<\/div>\n\t\t\t\t<\/div>\n\t\t\t\t<div class=\"elementor-element elementor-element-81309c2 elementor-widget elementor-widget-heading\" data-id=\"81309c2\" data-element_type=\"widget\" data-e-type=\"widget\" data-widget_type=\"heading.default\">\n\t\t\t\t<div class=\"elementor-widget-container\">\n\t\t\t\t\t<h2 class=\"elementor-heading-title elementor-size-default\">Gesetzliches Alter f\u00fcr den Kauf und den Konsum von&nbsp;Wein<\/h2>\t\t\t\t<\/div>\n\t\t\t\t<\/div>\n\t\t\t\t<div class=\"elementor-element elementor-element-32a5a5d elementor-widget elementor-widget-text-editor\" data-id=\"32a5a5d\" data-element_type=\"widget\" data-e-type=\"widget\" data-widget_type=\"text-editor.default\">\n\t\t\t\t<div class=\"elementor-widget-container\">\n\t\t\t\t\t\t\t\t\t<p>Mit der Best\u00e4tigung der Bestellung \u00fcber die Website best\u00e4\u00adtigt der Kunde, dass er das gesetz\u00adlich vor\u00adges\u00adchrie\u00adbene Alter f\u00fcr den Kauf und Konsum von Wein in der Schweiz hat. Domaine Cornulus SA \u00fcber\u00adnimmt keine Verantwortung f\u00fcr den Kauf oder Konsum der Produkte durch Personen, die das gesetz\u00adliche Mindestalter nicht erreicht haben.&nbsp;<\/p>\t\t\t\t\t\t\t\t<\/div>\n\t\t\t\t<\/div>\n\t\t\t\t<div class=\"elementor-element elementor-element-906fbae elementor-widget elementor-widget-heading\" data-id=\"906fbae\" data-element_type=\"widget\" data-e-type=\"widget\" data-widget_type=\"heading.default\">\n\t\t\t\t<div class=\"elementor-widget-container\">\n\t\t\t\t\t<h2 class=\"elementor-heading-title elementor-size-default\">Produkte  <\/h2>\t\t\t\t<\/div>\n\t\t\t\t<\/div>\n\t\t\t\t<div class=\"elementor-element elementor-element-430cc4b elementor-widget elementor-widget-text-editor\" data-id=\"430cc4b\" data-element_type=\"widget\" data-e-type=\"widget\" data-widget_type=\"text-editor.default\">\n\t\t\t\t<div class=\"elementor-widget-container\">\n\t\t\t\t\t\t\t\t\t<p>Die auf die\u00adser Website zum Verkauf ange\u00adbo\u00adte\u00adnen Produkte sind Weine, die von Domaine Cornulus SA her\u00adges\u00adtellt wer\u00adden. Die Beschreibungen und Abbildungen der Produkte dienen der Veranschaulichung und k\u00f6n\u00adnen von den tats\u00e4\u00adchli\u00adchen Produkten abweichen.&nbsp;<\/p>\t\t\t\t\t\t\t\t<\/div>\n\t\t\t\t<\/div>\n\t\t\t\t<div class=\"elementor-element elementor-element-9ee07ba elementor-widget elementor-widget-heading\" data-id=\"9ee07ba\" data-element_type=\"widget\" data-e-type=\"widget\" data-widget_type=\"heading.default\">\n\t\t\t\t<div class=\"elementor-widget-container\">\n\t\t\t\t\t<h2 class=\"elementor-heading-title elementor-size-default\">Jahrgang<\/h2>\t\t\t\t<\/div>\n\t\t\t\t<\/div>\n\t\t\t\t<div class=\"elementor-element elementor-element-a3ef707 elementor-widget elementor-widget-text-editor\" data-id=\"a3ef707\" data-element_type=\"widget\" data-e-type=\"widget\" data-widget_type=\"text-editor.default\">\n\t\t\t\t<div class=\"elementor-widget-container\">\n\t\t\t\t\t\t\t\t\t<p>Der Jahrgang ents\u00adpricht in der Regel dem letz\u00adten verf\u00fcg\u00adba\u00adren Jahrgang.&nbsp;<\/p>\t\t\t\t\t\t\t\t<\/div>\n\t\t\t\t<\/div>\n\t\t\t\t<div class=\"elementor-element elementor-element-cc7e427 elementor-widget elementor-widget-heading\" data-id=\"cc7e427\" data-element_type=\"widget\" data-e-type=\"widget\" data-widget_type=\"heading.default\">\n\t\t\t\t<div class=\"elementor-widget-container\">\n\t\t\t\t\t<h2 class=\"elementor-heading-title elementor-size-default\">Bestellung<\/h2>\t\t\t\t<\/div>\n\t\t\t\t<\/div>\n\t\t\t\t<div class=\"elementor-element elementor-element-100442f elementor-widget elementor-widget-text-editor\" data-id=\"100442f\" data-element_type=\"widget\" data-e-type=\"widget\" data-widget_type=\"text-editor.default\">\n\t\t\t\t<div class=\"elementor-widget-container\">\n\t\t\t\t\t\t\t\t\t<p>Die Mindestbestellmenge f\u00fcr eine Bestellung betr\u00e4gt 6 Flaschen Wein (75\u201370-50 cl).<\/p><p>Mit der Aufgabe einer Bestellung erkl\u00e4rt sich der Kunde damit ein\u00advers\u00adtan\u00adden, die aus\u00adgew\u00e4hl\u00adten Produkte zum ange\u00adge\u00adbe\u00adnen Preis und den anfal\u00adlen\u00adden Versandkosten zu kaufen.<\/p><p>Sobald die Bestellung auf\u00adge\u00adge\u00adben wurde, erh\u00e4lt der Kunde eine Best\u00e4tigungs-E-Mail, in der die Einzelheiten der Bestellung zusam\u00admen\u00adge\u00adfasst&nbsp;sind.&nbsp;<\/p>\t\t\t\t\t\t\t\t<\/div>\n\t\t\t\t<\/div>\n\t\t\t\t<div class=\"elementor-element elementor-element-39495d2 elementor-widget elementor-widget-heading\" data-id=\"39495d2\" data-element_type=\"widget\" data-e-type=\"widget\" data-widget_type=\"heading.default\">\n\t\t\t\t<div class=\"elementor-widget-container\">\n\t\t\t\t\t<h2 class=\"elementor-heading-title elementor-size-default\">Lieferung<\/h2>\t\t\t\t<\/div>\n\t\t\t\t<\/div>\n\t\t\t\t<div class=\"elementor-element elementor-element-d4b8303 elementor-widget elementor-widget-text-editor\" data-id=\"d4b8303\" data-element_type=\"widget\" data-e-type=\"widget\" data-widget_type=\"text-editor.default\">\n\t\t\t\t<div class=\"elementor-widget-container\">\n\t\t\t\t\t\t\t\t\t<p>Ab 250 Franken ent\u00adfal\u00adlen die Lieferkosten. F\u00fcr Bestellungen unter 250 Franken wird eine Pauschale von 15 Franken berechnet.&nbsp;<\/p><p>Lieferung nur in der Schweiz.&nbsp;<\/p><p>Die Lieferzeiten k\u00f6n\u00adnen je nach Verf\u00fcgbarkeit der Produkte und des Lieferortes variie\u00adren. Die Bestellungen wer\u00adden in der Regel diens\u00adtags, don\u00adners\u00adtags und frei\u00adtags versandt.&nbsp;<\/p><p>Die Lieferung erfolgt an die bei der Bestellung ange\u00adge\u00adbene Adresse. Der Kunde ist daf\u00fcr verant\u00adwort\u00adlich, eine kor\u00adrekte und zug\u00e4n\u00adgliche Lieferadresse anzugeben.&nbsp;<\/p>\t\t\t\t\t\t\t\t<\/div>\n\t\t\t\t<\/div>\n\t\t\t\t<div class=\"elementor-element elementor-element-5d2b201 elementor-widget elementor-widget-heading\" data-id=\"5d2b201\" data-element_type=\"widget\" data-e-type=\"widget\" data-widget_type=\"heading.default\">\n\t\t\t\t<div class=\"elementor-widget-container\">\n\t\t\t\t\t<h2 class=\"elementor-heading-title elementor-size-default\">PREISE und Zahlung&nbsp;<\/h2>\t\t\t\t<\/div>\n\t\t\t\t<\/div>\n\t\t\t\t<div class=\"elementor-element elementor-element-ec79a13 elementor-widget elementor-widget-text-editor\" data-id=\"ec79a13\" data-element_type=\"widget\" data-e-type=\"widget\" data-widget_type=\"text-editor.default\">\n\t\t\t\t<div class=\"elementor-widget-container\">\n\t\t\t\t\t\t\t\t\t<p>Die Preise f\u00fcr die Weine sind in Schweizer Franken ange\u00adge\u00adben und enthal\u00adten die zum Zeitpunkt der Bestellung g\u00fcl\u00adtige Mehrwertsteuer.&nbsp;<\/p><p>Die Zahlung erfolgt \u00fcber die vom Online-Shop ange\u00adbo\u00adte\u00adnen Zahlungsmethoden.&nbsp;<\/p>\t\t\t\t\t\t\t\t<\/div>\n\t\t\t\t<\/div>\n\t\t\t\t<div class=\"elementor-element elementor-element-f85d1d9 elementor-widget elementor-widget-heading\" data-id=\"f85d1d9\" data-element_type=\"widget\" data-e-type=\"widget\" data-widget_type=\"heading.default\">\n\t\t\t\t<div class=\"elementor-widget-container\">\n\t\t\t\t\t<h2 class=\"elementor-heading-title elementor-size-default\">Stornierung der Bestellung und R\u00fcckgaberecht&nbsp;<\/h2>\t\t\t\t<\/div>\n\t\t\t\t<\/div>\n\t\t\t\t<div class=\"elementor-element elementor-element-a2178df elementor-widget elementor-widget-text-editor\" data-id=\"a2178df\" data-element_type=\"widget\" data-e-type=\"widget\" data-widget_type=\"text-editor.default\">\n\t\t\t\t<div class=\"elementor-widget-container\">\n\t\t\t\t\t\t\t\t\t<p>Eine Bestellung kann nicht mehr stor\u00adniert wer\u00adden, wenn sie ein\u00admal best\u00e4\u00adtigt&nbsp;wurde.<\/p><p>Der Kunde ist verp\u00adflich\u00adtet, die erhal\u00adte\u00adnen Artikel beim Empfang zu kon\u00adtrol\u00adlie\u00adren. Im Falle der Nicht\u00fcbereinstimmung muss der Kunde Domaine Cornulus SA per E\u2011Mail oder Telefon bena\u00adchrich\u00adti\u00adgen, um das Umtauschverfahren zu organisieren.&nbsp;<\/p><p> <\/p>\t\t\t\t\t\t\t\t<\/div>\n\t\t\t\t<\/div>\n\t\t\t\t\t<\/div>\n\t\t<\/div>\n\t\t\t\t\t<\/div>\n\t\t<\/section>\n\t\t\t\t<\/div>\n\t\t","protected":false},"excerpt":{"rendered":"<p>ALLGEMEINE GESCH\u00c4FTSBEDINGUNGEN Anwendungsbereiche Die vor\u00adlie\u00adgen\u00adden Allgemeinen Gesch\u00e4ftsbedingungen gel\u00adten f\u00fcr den Verkauf von Weinen \u00fcber die Website www.cornulus.ch. Mit der Aufgabe einer Bestellung \u00fcber diese Website akzep\u00adtiert der Kunde diese Bedingungen.&nbsp; Gesetzliches Alter f\u00fcr den Kauf und den Konsum von&nbsp;Wein Mit der Best\u00e4tigung der Bestellung \u00fcber die Website best\u00e4\u00adtigt der Kunde, dass er das gesetz\u00adlich vorgeschriebene&nbsp;[\u2026]<\/p>\n","protected":false},"author":1,"featured_media":0,"parent":0,"menu_order":0,"comment_status":"closed","ping_status":"closed","template":"","meta":{"wp_typography_post_enhancements_disabled":false,"site-sidebar-layout":"no-sidebar","site-content-layout":"page-builder","ast-site-content-layout":"full-width-container","site-content-style":"unboxed","site-sidebar-style":"unboxed","ast-global-header-display":"","ast-banner-title-visibility":"","ast-main-header-display":"","ast-hfb-above-header-display":"","ast-hfb-below-header-display":"","ast-hfb-mobile-header-display":"","site-post-title":"disabled","ast-breadcrumbs-content":"","ast-featured-img":"disabled","footer-sml-layout":"","theme-transparent-header-meta":"default","adv-header-id-meta":"","stick-header-meta":"default","header-above-stick-meta":"","header-main-stick-meta":"","header-below-stick-meta":"","astra-migrate-meta-layouts":"default","ast-page-background-enabled":"default","ast-page-background-meta":{"desktop":{"background-color":"var(--ast-global-color-4)","background-image":"","background-repeat":"repeat","background-position":"center center","background-size":"auto","background-attachment":"scroll","background-type":"","background-media":"","overlay-type":"","overlay-color":"","overlay-opacity":"","overlay-gradient":""},"tablet":{"background-color":"","background-image":"","background-repeat":"repeat","background-position":"center center","background-size":"auto","background-attachment":"scroll","background-type":"","background-media":"","overlay-type":"","overlay-color":"","overlay-opacity":"","overlay-gradient":""},"mobile":{"background-color":"","background-image":"","background-repeat":"repeat","background-position":"center center","background-size":"auto","background-attachment":"scroll","background-type":"","background-media":"","overlay-type":"","overlay-color":"","overlay-opacity":"","overlay-gradient":""}},"ast-content-background-meta":{"desktop":{"background-color":"var(--ast-global-color-5)","background-image":"","background-repeat":"repeat","background-position":"center center","background-size":"auto","background-attachment":"scroll","background-type":"","background-media":"","overlay-type":"","overlay-color":"","overlay-opacity":"","overlay-gradient":""},"tablet":{"background-color":"var(--ast-global-color-5)","background-image":"","background-repeat":"repeat","background-position":"center center","background-size":"auto","background-attachment":"scroll","background-type":"","background-media":"","overlay-type":"","overlay-color":"","overlay-opacity":"","overlay-gradient":""},"mobile":{"background-color":"var(--ast-global-color-5)","background-image":"","background-repeat":"repeat","background-position":"center center","background-size":"auto","background-attachment":"scroll","background-type":"","background-media":"","overlay-type":"","overlay-color":"","overlay-opacity":"","overlay-gradient":""}},"footnotes":""},"class_list":["post-5237","page","type-page","status-publish","hentry"],"yoast_head":"<!-- This site is optimized with the Yoast SEO plugin v27.3 - https:\/\/yoast.com\/product\/yoast-seo-wordpress\/ -->\n<title>AGB - Cornulus<\/title>\n<meta name=\"robots\" content=\"index, follow, max-snippet:-1, max-image-preview:large, max-video-preview:-1\" \/>\n<link rel=\"canonical\" href=\"https:\/\/cornulus.ch\/de\/agb\/\" \/>\n<meta property=\"og:locale\" content=\"de_DE\" \/>\n<meta property=\"og:type\" content=\"article\" \/>\n<meta property=\"og:title\" content=\"AGB - Cornulus\" \/>\n<meta property=\"og:description\" content=\"ALLGEMEINE GESCH\u00c4FTSBEDINGUNGEN Anwendungsbereiche Die vor\u00adlie\u00adgen\u00adden Allgemeinen Gesch\u00e4ftsbedingungen gel\u00adten f\u00fcr den Verkauf von Weinen \u00fcber die Website www.cornulus.ch. Mit der Aufgabe einer Bestellung \u00fcber diese Website akzep\u00adtiert der Kunde diese Bedingungen.&nbsp; Gesetzliches Alter f\u00fcr den Kauf und den Konsum von&nbsp;Wein Mit der Best\u00e4tigung der Bestellung \u00fcber die Website best\u00e4\u00adtigt der Kunde, dass er das gesetz\u00adlich vor\u00adges\u00adchrie\u00adbene [&hellip;]\" \/>\n<meta property=\"og:url\" content=\"https:\/\/cornulus.ch\/de\/agb\/\" \/>\n<meta property=\"og:site_name\" content=\"Cornulus\" \/>\n<meta property=\"article:publisher\" content=\"https:\/\/www.facebook.com\/domainecornulus\" \/>\n<meta property=\"article:modified_time\" content=\"2025-12-15T14:43:21+00:00\" \/>\n<meta name=\"twitter:card\" content=\"summary_large_image\" \/>\n<meta name=\"twitter:label1\" content=\"Gesch\u00e4tzte Lesezeit\" \/>\n\t<meta name=\"twitter:data1\" content=\"1\u00a0Minute\" \/>\n<script type=\"application\/ld+json\" class=\"yoast-schema-graph\">{\"@context\":\"https:\\\/\\\/schema.org\",\"@graph\":[{\"@type\":\"WebPage\",\"@id\":\"https:\\\/\\\/cornulus.ch\\\/de\\\/agb\\\/\",\"url\":\"https:\\\/\\\/cornulus.ch\\\/de\\\/agb\\\/\",\"name\":\"AGB - Cornulus\",\"isPartOf\":{\"@id\":\"https:\\\/\\\/cornulus.ch\\\/#website\"},\"datePublished\":\"2021-04-28T07:43:00+00:00\",\"dateModified\":\"2025-12-15T14:43:21+00:00\",\"breadcrumb\":{\"@id\":\"https:\\\/\\\/cornulus.ch\\\/de\\\/agb\\\/#breadcrumb\"},\"inLanguage\":\"de\",\"potentialAction\":[{\"@type\":\"ReadAction\",\"target\":[\"https:\\\/\\\/cornulus.ch\\\/de\\\/agb\\\/\"]}]},{\"@type\":\"BreadcrumbList\",\"@id\":\"https:\\\/\\\/cornulus.ch\\\/de\\\/agb\\\/#breadcrumb\",\"itemListElement\":[{\"@type\":\"ListItem\",\"position\":1,\"name\":\"Accueil\",\"item\":\"https:\\\/\\\/cornulus.ch\\\/de\\\/startseite\\\/\"},{\"@type\":\"ListItem\",\"position\":2,\"name\":\"AGB\"}]},{\"@type\":\"WebSite\",\"@id\":\"https:\\\/\\\/cornulus.ch\\\/#website\",\"url\":\"https:\\\/\\\/cornulus.ch\\\/\",\"name\":\"Cornulus\",\"description\":\"Reynard & Varone, Savi\u00e8se\",\"publisher\":{\"@id\":\"https:\\\/\\\/cornulus.ch\\\/#organization\"},\"potentialAction\":[{\"@type\":\"SearchAction\",\"target\":{\"@type\":\"EntryPoint\",\"urlTemplate\":\"https:\\\/\\\/cornulus.ch\\\/?s={search_term_string}\"},\"query-input\":{\"@type\":\"PropertyValueSpecification\",\"valueRequired\":true,\"valueName\":\"search_term_string\"}}],\"inLanguage\":\"de\"},{\"@type\":\"Organization\",\"@id\":\"https:\\\/\\\/cornulus.ch\\\/#organization\",\"name\":\"Domaine Cornulus SA\",\"url\":\"https:\\\/\\\/cornulus.ch\\\/\",\"logo\":{\"@type\":\"ImageObject\",\"inLanguage\":\"de\",\"@id\":\"https:\\\/\\\/cornulus.ch\\\/#\\\/schema\\\/logo\\\/image\\\/\",\"url\":\"https:\\\/\\\/cornulus.ch\\\/wp-content\\\/uploads\\\/2021\\\/04\\\/logo_cornulus.png\",\"contentUrl\":\"https:\\\/\\\/cornulus.ch\\\/wp-content\\\/uploads\\\/2021\\\/04\\\/logo_cornulus.png\",\"width\":638,\"height\":135,\"caption\":\"Domaine Cornulus SA\"},\"image\":{\"@id\":\"https:\\\/\\\/cornulus.ch\\\/#\\\/schema\\\/logo\\\/image\\\/\"},\"sameAs\":[\"https:\\\/\\\/www.facebook.com\\\/domainecornulus\",\"https:\\\/\\\/www.instagram.com\\\/domainecornulus\\\/\",\"https:\\\/\\\/www.youtube.com\\\/channel\\\/UCOXcunJIpWxd5ZBHlMuaRXA\"]}]}<\/script>\n<!-- \/ Yoast SEO plugin. -->","yoast_head_json":{"title":"AGB - Cornulus","robots":{"index":"index","follow":"follow","max-snippet":"max-snippet:-1","max-image-preview":"max-image-preview:large","max-video-preview":"max-video-preview:-1"},"canonical":"https:\/\/cornulus.ch\/de\/agb\/","og_locale":"de_DE","og_type":"article","og_title":"AGB - Cornulus","og_description":"ALLGEMEINE GESCH\u00c4FTSBEDINGUNGEN Anwendungsbereiche Die vor\u00adlie\u00adgen\u00adden Allgemeinen Gesch\u00e4ftsbedingungen gel\u00adten f\u00fcr den Verkauf von Weinen \u00fcber die Website www.cornulus.ch. Mit der Aufgabe einer Bestellung \u00fcber diese Website akzep\u00adtiert der Kunde diese Bedingungen.&nbsp; Gesetzliches Alter f\u00fcr den Kauf und den Konsum von&nbsp;Wein Mit der Best\u00e4tigung der Bestellung \u00fcber die Website best\u00e4\u00adtigt der Kunde, dass er das gesetz\u00adlich vor\u00adges\u00adchrie\u00adbene [&hellip;]","og_url":"https:\/\/cornulus.ch\/de\/agb\/","og_site_name":"Cornulus","article_publisher":"https:\/\/www.facebook.com\/domainecornulus","article_modified_time":"2025-12-15T14:43:21+00:00","twitter_card":"summary_large_image","twitter_misc":{"Gesch\u00e4tzte Lesezeit":"1\u00a0Minute"},"schema":{"@context":"https:\/\/schema.org","@graph":[{"@type":"WebPage","@id":"https:\/\/cornulus.ch\/de\/agb\/","url":"https:\/\/cornulus.ch\/de\/agb\/","name":"AGB - Cornulus","isPartOf":{"@id":"https:\/\/cornulus.ch\/#website"},"datePublished":"2021-04-28T07:43:00+00:00","dateModified":"2025-12-15T14:43:21+00:00","breadcrumb":{"@id":"https:\/\/cornulus.ch\/de\/agb\/#breadcrumb"},"inLanguage":"de","potentialAction":[{"@type":"ReadAction","target":["https:\/\/cornulus.ch\/de\/agb\/"]}]},{"@type":"BreadcrumbList","@id":"https:\/\/cornulus.ch\/de\/agb\/#breadcrumb","itemListElement":[{"@type":"ListItem","position":1,"name":"Accueil","item":"https:\/\/cornulus.ch\/de\/startseite\/"},{"@type":"ListItem","position":2,"name":"AGB"}]},{"@type":"WebSite","@id":"https:\/\/cornulus.ch\/#website","url":"https:\/\/cornulus.ch\/","name":"Cornulus","description":"Reynard & Varone, Savi\u00e8se","publisher":{"@id":"https:\/\/cornulus.ch\/#organization"},"potentialAction":[{"@type":"SearchAction","target":{"@type":"EntryPoint","urlTemplate":"https:\/\/cornulus.ch\/?s={search_term_string}"},"query-input":{"@type":"PropertyValueSpecification","valueRequired":true,"valueName":"search_term_string"}}],"inLanguage":"de"},{"@type":"Organization","@id":"https:\/\/cornulus.ch\/#organization","name":"Domaine Cornulus SA","url":"https:\/\/cornulus.ch\/","logo":{"@type":"ImageObject","inLanguage":"de","@id":"https:\/\/cornulus.ch\/#\/schema\/logo\/image\/","url":"https:\/\/cornulus.ch\/wp-content\/uploads\/2021\/04\/logo_cornulus.png","contentUrl":"https:\/\/cornulus.ch\/wp-content\/uploads\/2021\/04\/logo_cornulus.png","width":638,"height":135,"caption":"Domaine Cornulus SA"},"image":{"@id":"https:\/\/cornulus.ch\/#\/schema\/logo\/image\/"},"sameAs":["https:\/\/www.facebook.com\/domainecornulus","https:\/\/www.instagram.com\/domainecornulus\/","https:\/\/www.youtube.com\/channel\/UCOXcunJIpWxd5ZBHlMuaRXA"]}]}},"_links":{"self":[{"href":"https:\/\/cornulus.ch\/de\/wp-json\/wp\/v2\/pages\/5237","targetHints":{"allow":["GET"]}}],"collection":[{"href":"https:\/\/cornulus.ch\/de\/wp-json\/wp\/v2\/pages"}],"about":[{"href":"https:\/\/cornulus.ch\/de\/wp-json\/wp\/v2\/types\/page"}],"author":[{"embeddable":true,"href":"https:\/\/cornulus.ch\/de\/wp-json\/wp\/v2\/users\/1"}],"replies":[{"embeddable":true,"href":"https:\/\/cornulus.ch\/de\/wp-json\/wp\/v2\/comments?post=5237"}],"version-history":[{"count":40,"href":"https:\/\/cornulus.ch\/de\/wp-json\/wp\/v2\/pages\/5237\/revisions"}],"predecessor-version":[{"id":13809,"href":"https:\/\/cornulus.ch\/de\/wp-json\/wp\/v2\/pages\/5237\/revisions\/13809"}],"wp:attachment":[{"href":"https:\/\/cornulus.ch\/de\/wp-json\/wp\/v2\/media?parent=5237"}],"curies":[{"name":"wp","href":"https:\/\/api.w.org\/{rel}","templated":true}]}}